{"id":451,"date":"2024-10-11T11:07:43","date_gmt":"2024-10-11T09:07:43","guid":{"rendered":"https:\/\/sentiers-dalienor.com\/?page_id=451"},"modified":"2025-09-22T11:25:05","modified_gmt":"2025-09-22T09:25:05","slug":"tarifs-contact","status":"publish","type":"page","link":"https:\/\/sentiers-dalienor.com\/index.php\/tarifs-contact\/","title":{"rendered":"Tarifs &amp; Contact"},"content":{"rendered":"\t\t<div data-elementor-type=\"wp-page\" data-elementor-id=\"451\" class=\"elementor elementor-451\">\n\t\t\t\t<div class=\"elementor-element elementor-element-64f5315 e-flex e-con-boxed e-con e-parent\" data-id=\"64f5315\" data-element_type=\"container\">\n\t\t\t\t\t<div class=\"e-con-inner\">\n\t\t\t\t<div class=\"elementor-element elementor-element-7966482 elementor-widget-divider--view-line elementor-widget elementor-widget-divider\" data-id=\"7966482\" data-element_type=\"widget\" data-widget_type=\"divider.default\">\n\t\t\t\t<div class=\"elementor-widget-container\">\n\t\t\t\t\t\t\t<div class=\"elementor-divider\">\n\t\t\t<span class=\"elementor-divider-separator\">\n\t\t\t\t\t\t<\/span>\n\t\t<\/div>\n\t\t\t\t\t\t<\/div>\n\t\t\t\t<\/div>\n\t\t\t\t\t<\/div>\n\t\t\t\t<\/div>\n\t\t<div class=\"elementor-element elementor-element-ce61e6f e-flex e-con-boxed e-con e-parent\" data-id=\"ce61e6f\" data-element_type=\"container\">\n\t\t\t\t\t<div class=\"e-con-inner\">\n\t\t\t\t<div class=\"elementor-element elementor-element-2a3e296 elementor-widget elementor-widget-heading\" data-id=\"2a3e296\" data-element_type=\"widget\" data-widget_type=\"heading.default\">\n\t\t\t\t<div class=\"elementor-widget-container\">\n\t\t\t\t\t<h2 class=\"elementor-heading-title elementor-size-default\">Tarif 2025<\/h2>\t\t\t\t<\/div>\n\t\t\t\t<\/div>\n\t\t\t\t\t<\/div>\n\t\t\t\t<\/div>\n\t\t<div class=\"elementor-element elementor-element-04be509 e-flex e-con-boxed e-con e-parent\" data-id=\"04be509\" data-element_type=\"container\">\n\t\t\t\t\t<div class=\"e-con-inner\">\n\t\t\t\t<div class=\"elementor-element elementor-element-01a85a7 elementor-widget-divider--view-line elementor-widget elementor-widget-divider\" data-id=\"01a85a7\" data-element_type=\"widget\" data-widget_type=\"divider.default\">\n\t\t\t\t<div class=\"elementor-widget-container\">\n\t\t\t\t\t\t\t<div class=\"elementor-divider\">\n\t\t\t<span class=\"elementor-divider-separator\">\n\t\t\t\t\t\t<\/span>\n\t\t<\/div>\n\t\t\t\t\t\t<\/div>\n\t\t\t\t<\/div>\n\t\t\t\t\t<\/div>\n\t\t\t\t<\/div>\n\t\t<div class=\"elementor-element elementor-element-d738780 e-flex e-con-boxed e-con e-parent\" data-id=\"d738780\" data-element_type=\"container\">\n\t\t\t\t\t<div class=\"e-con-inner\">\n\t\t\t\t<div class=\"elementor-element elementor-element-8710427 elementor-widget elementor-widget-text-editor\" data-id=\"8710427\" data-element_type=\"widget\" data-widget_type=\"text-editor.default\">\n\t\t\t\t<div class=\"elementor-widget-container\">\n\t\t\t\t\t\t\t\t\t<p style=\"text-align: center;\">R\u00e8glement par ch\u00e8ques ou esp\u00e8ces uniquement.<\/p><p style=\"text-align: center;\"><span style=\"text-decoration: underline;\"><strong>Carte bleue non accept\u00e9e<\/strong><\/span><\/p>\t\t\t\t\t\t\t\t<\/div>\n\t\t\t\t<\/div>\n\t\t\t\t\t<\/div>\n\t\t\t\t<\/div>\n\t\t<div class=\"elementor-element elementor-element-fb957c8 e-flex e-con-boxed e-con e-parent\" data-id=\"fb957c8\" data-element_type=\"container\">\n\t\t\t\t\t<div class=\"e-con-inner\">\n\t\t\t\t<div class=\"elementor-element elementor-element-56dd7be elementor-widget-divider--view-line elementor-widget elementor-widget-divider\" data-id=\"56dd7be\" data-element_type=\"widget\" data-widget_type=\"divider.default\">\n\t\t\t\t<div class=\"elementor-widget-container\">\n\t\t\t\t\t\t\t<div class=\"elementor-divider\">\n\t\t\t<span class=\"elementor-divider-separator\">\n\t\t\t\t\t\t<\/span>\n\t\t<\/div>\n\t\t\t\t\t\t<\/div>\n\t\t\t\t<\/div>\n\t\t\t\t\t<\/div>\n\t\t\t\t<\/div>\n\t\t<div class=\"elementor-element elementor-element-e68e55c e-flex e-con-boxed e-con e-parent\" data-id=\"e68e55c\" data-element_type=\"container\">\n\t\t\t\t\t<div class=\"e-con-inner\">\n\t\t\t\t<div class=\"elementor-element elementor-element-485f0a9 elementor-widget elementor-widget-text-editor\" data-id=\"485f0a9\" data-element_type=\"widget\" data-widget_type=\"text-editor.default\">\n\t\t\t\t<div class=\"elementor-widget-container\">\n\t\t\t\t\t\t\t\t\t<p style=\"text-align: center;\"><span style=\"text-decoration: underline;\"><strong>Sentier du Mieux-\u00catre :<\/strong><\/span><\/p><p>Magn\u00e9tisme : 50 \u20ac<\/p><p style=\"text-align: center;\"><em>Le cabinet ne permettant pas de recevoir des personnes en fauteuil roulant, je me d\u00e9place \u00e0 votre domicile sans frais suppl\u00e9mentaires.<\/em><\/p><p>Initiation EFT : 30\u20ac<\/p>\t\t\t\t\t\t\t\t<\/div>\n\t\t\t\t<\/div>\n\t\t\t\t<div class=\"elementor-element elementor-element-a1df840 elementor-widget elementor-widget-text-editor\" data-id=\"a1df840\" data-element_type=\"widget\" data-widget_type=\"text-editor.default\">\n\t\t\t\t<div class=\"elementor-widget-container\">\n\t\t\t\t\t\t\t\t\t<p style=\"text-align: center;\"><span style=\"text-decoration: underline;\"><strong>Sentier de la Connaissance :<\/strong><\/span><\/p><p>Consultation g\u00e9n\u00e9alogie : 50 \u20ac<\/p><p>Consultation lib\u00e9ration des m\u00e9moires transg\u00e9n\u00e9rationnelles : 50\u20ac<\/p><p>R\u00e9alisation de l&#8217;arbre g\u00e9n\u00e9alogique : 520 \u20ac<\/p>\t\t\t\t\t\t\t\t<\/div>\n\t\t\t\t<\/div>\n\t\t\t\t<div class=\"elementor-element elementor-element-cbc0e05 elementor-widget elementor-widget-text-editor\" data-id=\"cbc0e05\" data-element_type=\"widget\" data-widget_type=\"text-editor.default\">\n\t\t\t\t<div class=\"elementor-widget-container\">\n\t\t\t\t\t\t\t\t\t<p style=\"text-align: center;\"><span style=\"text-decoration: underline;\"><strong>Sentier de la V\u00e9rit\u00e9 :<\/strong><\/span><\/p><p>D\u00e9couverte de votre Chemin de Vie : 30 \u20ac<\/p><p>Initiation &amp;\/ou accompagnement \u00e0 la spiritualit\u00e9 : 30 \u20ac<\/p>\t\t\t\t\t\t\t\t<\/div>\n\t\t\t\t<\/div>\n\t\t\t\t<div class=\"elementor-element elementor-element-b1bcd79 elementor-widget elementor-widget-text-editor\" data-id=\"b1bcd79\" data-element_type=\"widget\" data-widget_type=\"text-editor.default\">\n\t\t\t\t<div class=\"elementor-widget-container\">\n\t\t\t\t\t\t\t\t\t<p style=\"text-align: center;\"><span style=\"text-decoration: underline;\"><strong>Sentier de la Reconnexion :<\/strong><\/span><\/p><p>Prochainement<\/p>\t\t\t\t\t\t\t\t<\/div>\n\t\t\t\t<\/div>\n\t\t\t\t<div class=\"elementor-element elementor-element-4179211 elementor-widget elementor-widget-text-editor\" data-id=\"4179211\" data-element_type=\"widget\" data-widget_type=\"text-editor.default\">\n\t\t\t\t<div class=\"elementor-widget-container\">\n\t\t\t\t\t\t\t\t\t<p style=\"text-align: center;\"><span style=\"text-decoration: underline;\"><strong>Sentier des Enfants :<\/strong><\/span><\/p><p style=\"text-align: center;\"><em>Enfants de moins de 12 ans<\/em><\/p><p>Consultation magn\u00e9tisme : 30 \u20ac<\/p><p>Cycle de 3 s\u00e9ances de magn\u00e9tisme : 60 \u20ac<\/p><p>Initiation EFT : 20 \u20ac<\/p>\t\t\t\t\t\t\t\t<\/div>\n\t\t\t\t<\/div>\n\t\t\t\t<div class=\"elementor-element elementor-element-38a0e0c elementor-widget elementor-widget-text-editor\" data-id=\"38a0e0c\" data-element_type=\"widget\" data-widget_type=\"text-editor.default\">\n\t\t\t\t<div class=\"elementor-widget-container\">\n\t\t\t\t\t\t\t\t\t<p style=\"text-align: center;\"><span style=\"text-decoration: underline;\"><strong>Sentier du Myst\u00e8re :<\/strong><\/span><\/p><p>Tirage d&#8217;Oracle \/ S\u00e9ance pendule : 30 \u20ac<\/p><p>Rituel de Magie Blanche : me contacter<\/p><div>Sabbats : participation libre<\/div><div>\u00a0<\/div>\t\t\t\t\t\t\t\t<\/div>\n\t\t\t\t<\/div>\n\t\t\t\t\t<\/div>\n\t\t\t\t<\/div>\n\t\t<div class=\"elementor-element elementor-element-9529de5 e-flex e-con-boxed e-con e-parent\" data-id=\"9529de5\" data-element_type=\"container\">\n\t\t\t\t\t<div class=\"e-con-inner\">\n\t\t\t\t<div class=\"elementor-element elementor-element-bbe60ad elementor-widget-divider--view-line elementor-widget elementor-widget-divider\" data-id=\"bbe60ad\" data-element_type=\"widget\" data-widget_type=\"divider.default\">\n\t\t\t\t<div class=\"elementor-widget-container\">\n\t\t\t\t\t\t\t<div class=\"elementor-divider\">\n\t\t\t<span class=\"elementor-divider-separator\">\n\t\t\t\t\t\t<\/span>\n\t\t<\/div>\n\t\t\t\t\t\t<\/div>\n\t\t\t\t<\/div>\n\t\t\t\t\t<\/div>\n\t\t\t\t<\/div>\n\t\t<div class=\"elementor-element elementor-element-340e3ad e-flex e-con-boxed e-con e-parent\" data-id=\"340e3ad\" data-element_type=\"container\">\n\t\t\t\t\t<div class=\"e-con-inner\">\n\t\t\t\t<div class=\"elementor-element elementor-element-5f7b413 elementor-widget elementor-widget-heading\" data-id=\"5f7b413\" data-element_type=\"widget\" data-widget_type=\"heading.default\">\n\t\t\t\t<div class=\"elementor-widget-container\">\n\t\t\t\t\t<h2 class=\"elementor-heading-title elementor-size-default\">Contact<\/h2>\t\t\t\t<\/div>\n\t\t\t\t<\/div>\n\t\t\t\t\t<\/div>\n\t\t\t\t<\/div>\n\t\t<div class=\"elementor-element elementor-element-987c1a8 e-flex e-con-boxed e-con e-parent\" data-id=\"987c1a8\" data-element_type=\"container\">\n\t\t\t\t\t<div class=\"e-con-inner\">\n\t\t\t\t<div class=\"elementor-element elementor-element-039b3ce elementor-widget-divider--view-line elementor-widget elementor-widget-divider\" data-id=\"039b3ce\" data-element_type=\"widget\" data-widget_type=\"divider.default\">\n\t\t\t\t<div class=\"elementor-widget-container\">\n\t\t\t\t\t\t\t<div class=\"elementor-divider\">\n\t\t\t<span class=\"elementor-divider-separator\">\n\t\t\t\t\t\t<\/span>\n\t\t<\/div>\n\t\t\t\t\t\t<\/div>\n\t\t\t\t<\/div>\n\t\t\t\t\t<\/div>\n\t\t\t\t<\/div>\n\t\t<div class=\"elementor-element elementor-element-4040564 e-grid e-con-boxed e-con e-parent\" data-id=\"4040564\" data-element_type=\"container\">\n\t\t\t\t\t<div class=\"e-con-inner\">\n\t\t\t\t<div class=\"elementor-element elementor-element-ec71fb4 elementor-widget elementor-widget-text-editor\" data-id=\"ec71fb4\" data-element_type=\"widget\" data-widget_type=\"text-editor.default\">\n\t\t\t\t<div class=\"elementor-widget-container\">\n\t\t\t\t\t\t\t\t\t<p style=\"text-align: center;\"><strong>T\u00e9l\u00e9phone : 07.77.26.81.49<\/strong><\/p>\t\t\t\t\t\t\t\t<\/div>\n\t\t\t\t<\/div>\n\t\t\t\t<div class=\"elementor-element elementor-element-92f5dec elementor-widget elementor-widget-text-editor\" data-id=\"92f5dec\" data-element_type=\"widget\" data-widget_type=\"text-editor.default\">\n\t\t\t\t<div class=\"elementor-widget-container\">\n\t\t\t\t\t\t\t\t\t<p style=\"text-align: center;\"><strong>Mail : les-sentiers-dalienor@outlook.com<\/strong><\/p>\t\t\t\t\t\t\t\t<\/div>\n\t\t\t\t<\/div>\n\t\t\t\t<div class=\"elementor-element elementor-element-1255419 elementor-widget elementor-widget-text-editor\" data-id=\"1255419\" data-element_type=\"widget\" data-widget_type=\"text-editor.default\">\n\t\t\t\t<div class=\"elementor-widget-container\">\n\t\t\t\t\t\t\t\t\t<p style=\"text-align: center;\"><strong>Adresse : Avenue du Parc des Sports &#8211; 19270 Ussac<\/strong><\/p>\t\t\t\t\t\t\t\t<\/div>\n\t\t\t\t<\/div>\n\t\t\t\t\t<\/div>\n\t\t\t\t<\/div>\n\t\t<div class=\"elementor-element elementor-element-49aa045 e-flex e-con-boxed e-con e-parent\" data-id=\"49aa045\" data-element_type=\"container\">\n\t\t\t\t\t<div class=\"e-con-inner\">\n\t\t\t\t<div class=\"elementor-element elementor-element-8c849e9 elementor-widget-divider--view-line elementor-widget elementor-widget-divider\" data-id=\"8c849e9\" data-element_type=\"widget\" data-widget_type=\"divider.default\">\n\t\t\t\t<div class=\"elementor-widget-container\">\n\t\t\t\t\t\t\t<div class=\"elementor-divider\">\n\t\t\t<span class=\"elementor-divider-separator\">\n\t\t\t\t\t\t<\/span>\n\t\t<\/div>\n\t\t\t\t\t\t<\/div>\n\t\t\t\t<\/div>\n\t\t\t\t<div class=\"elementor-element elementor-element-f0fcdd6 elementor-widget elementor-widget-text-editor\" data-id=\"f0fcdd6\" data-element_type=\"widget\" data-widget_type=\"text-editor.default\">\n\t\t\t\t<div class=\"elementor-widget-container\">\n\t\t\t\t\t\t\t\t\t<p style=\"text-align: center;\"><strong>Les Sentiers d&#8217;Ali\u00e9nor &#8211; Sonia DELPY<br \/><\/strong><\/p><p style=\"text-align: center;\"><strong>Auto-entrepreneuse<\/strong><\/p><p style=\"text-align: center;\"><strong>SIRET : 838.105.575.00032<\/strong><\/p><p style=\"text-align: center;\"><strong>APE : 9609Z<\/strong><\/p>\t\t\t\t\t\t\t\t<\/div>\n\t\t\t\t<\/div>\n\t\t\t\t<div class=\"elementor-element elementor-element-109b8df elementor-widget-divider--view-line elementor-widget elementor-widget-divider\" data-id=\"109b8df\" data-element_type=\"widget\" data-widget_type=\"divider.default\">\n\t\t\t\t<div class=\"elementor-widget-container\">\n\t\t\t\t\t\t\t<div class=\"elementor-divider\">\n\t\t\t<span class=\"elementor-divider-separator\">\n\t\t\t\t\t\t<\/span>\n\t\t<\/div>\n\t\t\t\t\t\t<\/div>\n\t\t\t\t<\/div>\n\t\t\t\t\t<\/div>\n\t\t\t\t<\/div>\n\t\t<div class=\"elementor-element elementor-element-2c30832 e-flex e-con-boxed e-con e-parent\" data-id=\"2c30832\" data-element_type=\"container\">\n\t\t\t\t\t<div class=\"e-con-inner\">\n\t\t\t\t<div class=\"elementor-element elementor-element-2566775 elementor-widget elementor-widget-google_maps\" data-id=\"2566775\" data-element_type=\"widget\" data-widget_type=\"google_maps.default\">\n\t\t\t\t<div class=\"elementor-widget-container\">\n\t\t\t\t\t\t\t<div class=\"elementor-custom-embed\">\n\t\t\t<iframe loading=\"lazy\"\n\t\t\t\t\tsrc=\"https:\/\/maps.google.com\/maps?q=45.188883781206464%2C1.5024857178911555&#038;t=m&#038;z=17&#038;output=embed&#038;iwloc=near\"\n\t\t\t\t\ttitle=\"45.188883781206464,1.5024857178911555\"\n\t\t\t\t\taria-label=\"45.188883781206464,1.5024857178911555\"\n\t\t\t><\/iframe>\n\t\t<\/div>\n\t\t\t\t\t\t<\/div>\n\t\t\t\t<\/div>\n\t\t\t\t\t<\/div>\n\t\t\t\t<\/div>\n\t\t<div class=\"elementor-element elementor-element-e181971 e-flex e-con-boxed e-con e-parent\" data-id=\"e181971\" data-element_type=\"container\">\n\t\t\t\t\t<div class=\"e-con-inner\">\n\t\t\t\t<div class=\"elementor-element elementor-element-01b8baf elementor-widget-divider--view-line elementor-widget elementor-widget-divider\" data-id=\"01b8baf\" data-element_type=\"widget\" data-widget_type=\"divider.default\">\n\t\t\t\t<div class=\"elementor-widget-container\">\n\t\t\t\t\t\t\t<div class=\"elementor-divider\">\n\t\t\t<span class=\"elementor-divider-separator\">\n\t\t\t\t\t\t<\/span>\n\t\t<\/div>\n\t\t\t\t\t\t<\/div>\n\t\t\t\t<\/div>\n\t\t\t\t\t<\/div>\n\t\t\t\t<\/div>\n\t\t<div class=\"elementor-element elementor-element-10de5e9 e-flex e-con-boxed e-con e-parent\" data-id=\"10de5e9\" data-element_type=\"container\">\n\t\t\t\t\t<div class=\"e-con-inner\">\n\t\t\t\t<div class=\"elementor-element elementor-element-dfee87c elementor-widget elementor-widget-spacer\" data-id=\"dfee87c\" data-element_type=\"widget\" data-widget_type=\"spacer.default\">\n\t\t\t\t<div class=\"elementor-widget-container\">\n\t\t\t\t\t\t\t<div class=\"elementor-spacer\">\n\t\t\t<div class=\"elementor-spacer-inner\"><\/div>\n\t\t<\/div>\n\t\t\t\t\t\t<\/div>\n\t\t\t\t<\/div>\n\t\t\t\t\t<\/div>\n\t\t\t\t<\/div>\n\t\t\t\t<\/div>\n\t\t","protected":false},"excerpt":{"rendered":"<p>Tarif 2025 R\u00e8glement par ch\u00e8ques ou esp\u00e8ces uniquement. Carte bleue non accept\u00e9e Sentier du Mieux-\u00catre : Magn\u00e9tisme : 50 \u20ac Le cabinet ne permettant pas de recevoir des personnes en fauteuil roulant, je me d\u00e9place \u00e0 votre domicile sans frais suppl\u00e9mentaires. Initiation EFT : 30\u20ac Sentier de la Connaissance : Consultation g\u00e9n\u00e9alogie : 50 \u20ac&hellip;&nbsp;<a href=\"https:\/\/sentiers-dalienor.com\/index.php\/tarifs-contact\/\" rel=\"bookmark\">Read More &raquo;<span class=\"screen-reader-text\">Tarifs &amp; Contact<\/span><\/a><\/p>\n","protected":false},"author":1,"featured_media":496,"parent":0,"menu_order":0,"comment_status":"closed","ping_status":"closed","template":"","meta":{"neve_meta_sidebar":"full-width","neve_meta_container":"","neve_meta_enable_content_width":"on","neve_meta_content_width":70,"neve_meta_title_alignment":"center","neve_meta_author_avatar":"","neve_post_elements_order":"","neve_meta_disable_header":"","neve_meta_disable_footer":"","neve_meta_disable_title":"","footnotes":""},"class_list":["post-451","page","type-page","status-publish","has-post-thumbnail","hentry"],"yoast_head":"<!-- This site is optimized with the Yoast SEO plugin v26.3 - https:\/\/yoast.com\/wordpress\/plugins\/seo\/ -->\n<title>Tarifs &amp; Contact - Les Sentiers d&#039;Ali\u00e9nor<\/title>\n<meta name=\"description\" content=\"Contact : pour plus d&#039;information et prendre rendez-vous : retrouvez ici pour nous contacter \/ Retrouvez les tarifs 2025\" \/>\n<meta name=\"robots\" content=\"index, follow, max-snippet:-1, max-image-preview:large, max-video-preview:-1\" \/>\n<link rel=\"canonical\" href=\"https:\/\/sentiers-dalienor.com\/index.php\/tarifs-contact\/\" \/>\n<meta property=\"og:locale\" content=\"en_US\" \/>\n<meta property=\"og:type\" content=\"article\" \/>\n<meta property=\"og:title\" content=\"Tarifs &amp; Contact - Les Sentiers d&#039;Ali\u00e9nor\" \/>\n<meta property=\"og:description\" content=\"Contact : pour plus d&#039;information et prendre rendez-vous : retrouvez ici pour nous contacter \/ Retrouvez les tarifs 2025\" \/>\n<meta property=\"og:url\" content=\"https:\/\/sentiers-dalienor.com\/index.php\/tarifs-contact\/\" \/>\n<meta property=\"og:site_name\" content=\"Les Sentiers d&#039;Ali\u00e9nor\" \/>\n<meta property=\"article:modified_time\" content=\"2025-09-22T09:25:05+00:00\" \/>\n<meta property=\"og:image\" content=\"https:\/\/sentiers-dalienor.com\/wp-content\/uploads\/2024\/10\/34_TARIFS.jpg\" \/>\n\t<meta property=\"og:image:width\" content=\"1280\" \/>\n\t<meta property=\"og:image:height\" content=\"853\" \/>\n\t<meta property=\"og:image:type\" content=\"image\/jpeg\" \/>\n<meta name=\"twitter:card\" content=\"summary_large_image\" \/>\n<meta name=\"twitter:label1\" content=\"Est. reading time\" \/>\n\t<meta name=\"twitter:data1\" content=\"1 minute\" \/>\n<script type=\"application\/ld+json\" class=\"yoast-schema-graph\">{\"@context\":\"https:\/\/schema.org\",\"@graph\":[{\"@type\":\"WebPage\",\"@id\":\"https:\/\/sentiers-dalienor.com\/index.php\/tarifs-contact\/\",\"url\":\"https:\/\/sentiers-dalienor.com\/index.php\/tarifs-contact\/\",\"name\":\"Tarifs &amp; Contact - Les Sentiers d&#039;Ali\u00e9nor\",\"isPartOf\":{\"@id\":\"https:\/\/sentiers-dalienor.com\/#website\"},\"primaryImageOfPage\":{\"@id\":\"https:\/\/sentiers-dalienor.com\/index.php\/tarifs-contact\/#primaryimage\"},\"image\":{\"@id\":\"https:\/\/sentiers-dalienor.com\/index.php\/tarifs-contact\/#primaryimage\"},\"thumbnailUrl\":\"https:\/\/sentiers-dalienor.com\/wp-content\/uploads\/2024\/10\/34_TARIFS.jpg\",\"datePublished\":\"2024-10-11T09:07:43+00:00\",\"dateModified\":\"2025-09-22T09:25:05+00:00\",\"description\":\"Contact : pour plus d'information et prendre rendez-vous : retrouvez ici pour nous contacter \/ Retrouvez les tarifs 2025\",\"breadcrumb\":{\"@id\":\"https:\/\/sentiers-dalienor.com\/index.php\/tarifs-contact\/#breadcrumb\"},\"inLanguage\":\"en-US\",\"potentialAction\":[{\"@type\":\"ReadAction\",\"target\":[\"https:\/\/sentiers-dalienor.com\/index.php\/tarifs-contact\/\"]}]},{\"@type\":\"ImageObject\",\"inLanguage\":\"en-US\",\"@id\":\"https:\/\/sentiers-dalienor.com\/index.php\/tarifs-contact\/#primaryimage\",\"url\":\"https:\/\/sentiers-dalienor.com\/wp-content\/uploads\/2024\/10\/34_TARIFS.jpg\",\"contentUrl\":\"https:\/\/sentiers-dalienor.com\/wp-content\/uploads\/2024\/10\/34_TARIFS.jpg\",\"width\":1280,\"height\":853,\"caption\":\"Pour plus d'information et prendre rendez-vous : retrouvez ici pour nous contacter \/ Retrouvez les tarifs 2025\"},{\"@type\":\"BreadcrumbList\",\"@id\":\"https:\/\/sentiers-dalienor.com\/index.php\/tarifs-contact\/#breadcrumb\",\"itemListElement\":[{\"@type\":\"ListItem\",\"position\":1,\"name\":\"Accueil\",\"item\":\"https:\/\/sentiers-dalienor.com\/\"},{\"@type\":\"ListItem\",\"position\":2,\"name\":\"Tarifs &amp; Contact\"}]},{\"@type\":\"WebSite\",\"@id\":\"https:\/\/sentiers-dalienor.com\/#website\",\"url\":\"https:\/\/sentiers-dalienor.com\/\",\"name\":\"Les Sentiers d&#039;Ali\u00e9nor\",\"description\":\"Magn\u00e9tisme - G\u00e9n\u00e9alogie - Chemin de Vie - Esot\u00e9risme\",\"publisher\":{\"@id\":\"https:\/\/sentiers-dalienor.com\/#organization\"},\"potentialAction\":[{\"@type\":\"SearchAction\",\"target\":{\"@type\":\"EntryPoint\",\"urlTemplate\":\"https:\/\/sentiers-dalienor.com\/?s={search_term_string}\"},\"query-input\":{\"@type\":\"PropertyValueSpecification\",\"valueRequired\":true,\"valueName\":\"search_term_string\"}}],\"inLanguage\":\"en-US\"},{\"@type\":\"Organization\",\"@id\":\"https:\/\/sentiers-dalienor.com\/#organization\",\"name\":\"Les Sentiers d&#039;Ali\u00e9nor\",\"url\":\"https:\/\/sentiers-dalienor.com\/\",\"logo\":{\"@type\":\"ImageObject\",\"inLanguage\":\"en-US\",\"@id\":\"https:\/\/sentiers-dalienor.com\/#\/schema\/logo\/image\/\",\"url\":\"\",\"contentUrl\":\"\",\"caption\":\"Les Sentiers d&#039;Ali\u00e9nor\"},\"image\":{\"@id\":\"https:\/\/sentiers-dalienor.com\/#\/schema\/logo\/image\/\"}}]}<\/script>\n<!-- \/ Yoast SEO plugin. -->","yoast_head_json":{"title":"Tarifs &amp; Contact - Les Sentiers d&#039;Ali\u00e9nor","description":"Contact : pour plus d'information et prendre rendez-vous : retrouvez ici pour nous contacter \/ Retrouvez les tarifs 2025","robots":{"index":"index","follow":"follow","max-snippet":"max-snippet:-1","max-image-preview":"max-image-preview:large","max-video-preview":"max-video-preview:-1"},"canonical":"https:\/\/sentiers-dalienor.com\/index.php\/tarifs-contact\/","og_locale":"en_US","og_type":"article","og_title":"Tarifs &amp; Contact - Les Sentiers d&#039;Ali\u00e9nor","og_description":"Contact : pour plus d'information et prendre rendez-vous : retrouvez ici pour nous contacter \/ Retrouvez les tarifs 2025","og_url":"https:\/\/sentiers-dalienor.com\/index.php\/tarifs-contact\/","og_site_name":"Les Sentiers d&#039;Ali\u00e9nor","article_modified_time":"2025-09-22T09:25:05+00:00","og_image":[{"width":1280,"height":853,"url":"https:\/\/sentiers-dalienor.com\/wp-content\/uploads\/2024\/10\/34_TARIFS.jpg","type":"image\/jpeg"}],"twitter_card":"summary_large_image","twitter_misc":{"Est. reading time":"1 minute"},"schema":{"@context":"https:\/\/schema.org","@graph":[{"@type":"WebPage","@id":"https:\/\/sentiers-dalienor.com\/index.php\/tarifs-contact\/","url":"https:\/\/sentiers-dalienor.com\/index.php\/tarifs-contact\/","name":"Tarifs &amp; Contact - Les Sentiers d&#039;Ali\u00e9nor","isPartOf":{"@id":"https:\/\/sentiers-dalienor.com\/#website"},"primaryImageOfPage":{"@id":"https:\/\/sentiers-dalienor.com\/index.php\/tarifs-contact\/#primaryimage"},"image":{"@id":"https:\/\/sentiers-dalienor.com\/index.php\/tarifs-contact\/#primaryimage"},"thumbnailUrl":"https:\/\/sentiers-dalienor.com\/wp-content\/uploads\/2024\/10\/34_TARIFS.jpg","datePublished":"2024-10-11T09:07:43+00:00","dateModified":"2025-09-22T09:25:05+00:00","description":"Contact : pour plus d'information et prendre rendez-vous : retrouvez ici pour nous contacter \/ Retrouvez les tarifs 2025","breadcrumb":{"@id":"https:\/\/sentiers-dalienor.com\/index.php\/tarifs-contact\/#breadcrumb"},"inLanguage":"en-US","potentialAction":[{"@type":"ReadAction","target":["https:\/\/sentiers-dalienor.com\/index.php\/tarifs-contact\/"]}]},{"@type":"ImageObject","inLanguage":"en-US","@id":"https:\/\/sentiers-dalienor.com\/index.php\/tarifs-contact\/#primaryimage","url":"https:\/\/sentiers-dalienor.com\/wp-content\/uploads\/2024\/10\/34_TARIFS.jpg","contentUrl":"https:\/\/sentiers-dalienor.com\/wp-content\/uploads\/2024\/10\/34_TARIFS.jpg","width":1280,"height":853,"caption":"Pour plus d'information et prendre rendez-vous : retrouvez ici pour nous contacter \/ Retrouvez les tarifs 2025"},{"@type":"BreadcrumbList","@id":"https:\/\/sentiers-dalienor.com\/index.php\/tarifs-contact\/#breadcrumb","itemListElement":[{"@type":"ListItem","position":1,"name":"Accueil","item":"https:\/\/sentiers-dalienor.com\/"},{"@type":"ListItem","position":2,"name":"Tarifs &amp; Contact"}]},{"@type":"WebSite","@id":"https:\/\/sentiers-dalienor.com\/#website","url":"https:\/\/sentiers-dalienor.com\/","name":"Les Sentiers d&#039;Ali\u00e9nor","description":"Magn\u00e9tisme - G\u00e9n\u00e9alogie - Chemin de Vie - Esot\u00e9risme","publisher":{"@id":"https:\/\/sentiers-dalienor.com\/#organization"},"potentialAction":[{"@type":"SearchAction","target":{"@type":"EntryPoint","urlTemplate":"https:\/\/sentiers-dalienor.com\/?s={search_term_string}"},"query-input":{"@type":"PropertyValueSpecification","valueRequired":true,"valueName":"search_term_string"}}],"inLanguage":"en-US"},{"@type":"Organization","@id":"https:\/\/sentiers-dalienor.com\/#organization","name":"Les Sentiers d&#039;Ali\u00e9nor","url":"https:\/\/sentiers-dalienor.com\/","logo":{"@type":"ImageObject","inLanguage":"en-US","@id":"https:\/\/sentiers-dalienor.com\/#\/schema\/logo\/image\/","url":"","contentUrl":"","caption":"Les Sentiers d&#039;Ali\u00e9nor"},"image":{"@id":"https:\/\/sentiers-dalienor.com\/#\/schema\/logo\/image\/"}}]}},"_links":{"self":[{"href":"https:\/\/sentiers-dalienor.com\/index.php\/wp-json\/wp\/v2\/pages\/451","targetHints":{"allow":["GET"]}}],"collection":[{"href":"https:\/\/sentiers-dalienor.com\/index.php\/wp-json\/wp\/v2\/pages"}],"about":[{"href":"https:\/\/sentiers-dalienor.com\/index.php\/wp-json\/wp\/v2\/types\/page"}],"author":[{"embeddable":true,"href":"https:\/\/sentiers-dalienor.com\/index.php\/wp-json\/wp\/v2\/users\/1"}],"replies":[{"embeddable":true,"href":"https:\/\/sentiers-dalienor.com\/index.php\/wp-json\/wp\/v2\/comments?post=451"}],"version-history":[{"count":59,"href":"https:\/\/sentiers-dalienor.com\/index.php\/wp-json\/wp\/v2\/pages\/451\/revisions"}],"predecessor-version":[{"id":1460,"href":"https:\/\/sentiers-dalienor.com\/index.php\/wp-json\/wp\/v2\/pages\/451\/revisions\/1460"}],"wp:featuredmedia":[{"embeddable":true,"href":"https:\/\/sentiers-dalienor.com\/index.php\/wp-json\/wp\/v2\/media\/496"}],"wp:attachment":[{"href":"https:\/\/sentiers-dalienor.com\/index.php\/wp-json\/wp\/v2\/media?parent=451"}],"curies":[{"name":"wp","href":"https:\/\/api.w.org\/{rel}","templated":true}]}}