{"id":449,"date":"2024-10-11T11:06:56","date_gmt":"2024-10-11T09:06:56","guid":{"rendered":"https:\/\/sentiers-dalienor.com\/?page_id=449"},"modified":"2025-09-21T15:43:17","modified_gmt":"2025-09-21T13:43:17","slug":"le-sentier-du-mystere","status":"publish","type":"page","link":"https:\/\/sentiers-dalienor.com\/index.php\/le-sentier-du-mystere\/","title":{"rendered":"Le Myst\u00e8re"},"content":{"rendered":"\t\t<div data-elementor-type=\"wp-page\" data-elementor-id=\"449\" class=\"elementor elementor-449\">\n\t\t\t\t<div class=\"elementor-element elementor-element-c4ea431 e-flex e-con-boxed e-con e-parent\" data-id=\"c4ea431\" data-element_type=\"container\">\n\t\t\t\t\t<div class=\"e-con-inner\">\n\t\t\t\t<div class=\"elementor-element elementor-element-0a927cf elementor-widget elementor-widget-heading\" data-id=\"0a927cf\" data-element_type=\"widget\" data-widget_type=\"heading.default\">\n\t\t\t\t<div class=\"elementor-widget-container\">\n\t\t\t\t\t<h3 class=\"elementor-heading-title elementor-size-default\">Tirage d'Oracle \/ S\u00e9ance de pendule<\/h3>\t\t\t\t<\/div>\n\t\t\t\t<\/div>\n\t\t\t\t\t<\/div>\n\t\t\t\t<\/div>\n\t\t<div class=\"elementor-element elementor-element-924106b e-flex e-con-boxed e-con e-parent\" data-id=\"924106b\" data-element_type=\"container\">\n\t\t\t\t\t<div class=\"e-con-inner\">\n\t\t<div class=\"elementor-element elementor-element-4239d80 e-con-full e-flex e-con e-child\" data-id=\"4239d80\" data-element_type=\"container\">\n\t\t\t\t<div class=\"elementor-element elementor-element-6171740 elementor-widget elementor-widget-image\" data-id=\"6171740\" data-element_type=\"widget\" data-widget_type=\"image.default\">\n\t\t\t\t<div class=\"elementor-widget-container\">\n\t\t\t\t\t\t\t\t\t\t\t\t\t\t\t<img fetchpriority=\"high\" decoding=\"async\" width=\"1024\" height=\"1024\" src=\"https:\/\/sentiers-dalienor.com\/wp-content\/uploads\/2024\/10\/31-1024x1024.jpg\" class=\"attachment-large size-large wp-image-493\" alt=\"\" srcset=\"https:\/\/sentiers-dalienor.com\/wp-content\/uploads\/2024\/10\/31-1024x1024.jpg 1024w, https:\/\/sentiers-dalienor.com\/wp-content\/uploads\/2024\/10\/31-300x300.jpg 300w, https:\/\/sentiers-dalienor.com\/wp-content\/uploads\/2024\/10\/31-150x150.jpg 150w, https:\/\/sentiers-dalienor.com\/wp-content\/uploads\/2024\/10\/31-768x768.jpg 768w, https:\/\/sentiers-dalienor.com\/wp-content\/uploads\/2024\/10\/31-600x600.jpg 600w, https:\/\/sentiers-dalienor.com\/wp-content\/uploads\/2024\/10\/31.jpg 1280w\" sizes=\"(max-width: 1024px) 100vw, 1024px\" \/>\t\t\t\t\t\t\t\t\t\t\t\t\t\t\t<\/div>\n\t\t\t\t<\/div>\n\t\t\t\t<\/div>\n\t\t<div class=\"elementor-element elementor-element-cd3670e e-con-full e-flex e-con e-child\" data-id=\"cd3670e\" data-element_type=\"container\">\n\t\t\t\t<div class=\"elementor-element elementor-element-21955af elementor-widget elementor-widget-text-editor\" data-id=\"21955af\" data-element_type=\"widget\" data-widget_type=\"text-editor.default\">\n\t\t\t\t<div class=\"elementor-widget-container\">\n\t\t\t\t\t\t\t\t\t<p style=\"text-align: center;\">Vous avez une question \u00e0 poser \u00e0 votre Ange Gardien\u00a0?<\/p>\n<p style=\"text-align: center;\">Vous souhaitez\u00a0laisser le Destin vous r\u00e9v\u00e9ler un message\u00a0? Ou tout simplement \u00eatre rassur\u00e9s durant une phase difficile\u00a0?<\/p>\n<p style=\"text-align: center;\">R\u00e9servez votre s\u00e9ance de tirage de l\u2019Oracle des Archanges. J\u2019utilise \u00e9galement divers pendules de radiesth\u00e9sie : Th\u00f4t, am\u00e9thyste, cristal de roche\u2026<\/p>\t\t\t\t\t\t\t\t<\/div>\n\t\t\t\t<\/div>\n\t\t\t\t<\/div>\n\t\t\t\t\t<\/div>\n\t\t\t\t<\/div>\n\t\t<div class=\"elementor-element elementor-element-478e619 e-flex e-con-boxed e-con e-parent\" data-id=\"478e619\" data-element_type=\"container\">\n\t\t\t\t\t<div class=\"e-con-inner\">\n\t\t\t\t<div class=\"elementor-element elementor-element-90dab06 elementor-widget-divider--separator-type-pattern elementor-widget-divider--no-spacing elementor-widget-divider--view-line elementor-widget elementor-widget-divider\" data-id=\"90dab06\" data-element_type=\"widget\" data-widget_type=\"divider.default\">\n\t\t\t\t<div class=\"elementor-widget-container\">\n\t\t\t\t\t\t\t<div class=\"elementor-divider\" style=\"--divider-pattern-url: url(&quot;data:image\/svg+xml,%3Csvg xmlns=&#039;http:\/\/www.w3.org\/2000\/svg&#039; preserveAspectRatio=&#039;none&#039; overflow=&#039;visible&#039; height=&#039;100%&#039; viewBox=&#039;0 0 24 24&#039; fill=&#039;black&#039; stroke=&#039;none&#039;%3E%3Cpath d=&#039;M24,8v12H0V8H24z M24,4v1H0V4H24z&#039;\/%3E%3C\/svg%3E&quot;);\">\n\t\t\t<span class=\"elementor-divider-separator\">\n\t\t\t\t\t\t<\/span>\n\t\t<\/div>\n\t\t\t\t\t\t<\/div>\n\t\t\t\t<\/div>\n\t\t\t\t\t<\/div>\n\t\t\t\t<\/div>\n\t\t<div class=\"elementor-element elementor-element-9c6498e e-flex e-con-boxed e-con e-parent\" data-id=\"9c6498e\" data-element_type=\"container\">\n\t\t\t\t\t<div class=\"e-con-inner\">\n\t\t\t\t<div class=\"elementor-element elementor-element-735acee elementor-widget elementor-widget-heading\" data-id=\"735acee\" data-element_type=\"widget\" data-widget_type=\"heading.default\">\n\t\t\t\t<div class=\"elementor-widget-container\">\n\t\t\t\t\t<h3 class=\"elementor-heading-title elementor-size-default\">Cr\u00e9ation amulette et talisman<\/h3>\t\t\t\t<\/div>\n\t\t\t\t<\/div>\n\t\t\t\t\t<\/div>\n\t\t\t\t<\/div>\n\t\t<div class=\"elementor-element elementor-element-1573c53 e-flex e-con-boxed e-con e-parent\" data-id=\"1573c53\" data-element_type=\"container\">\n\t\t\t\t\t<div class=\"e-con-inner\">\n\t\t<div class=\"elementor-element elementor-element-734b687 e-con-full e-flex e-con e-child\" data-id=\"734b687\" data-element_type=\"container\">\n\t\t\t\t<div class=\"elementor-element elementor-element-6db2b5a elementor-widget elementor-widget-image\" data-id=\"6db2b5a\" data-element_type=\"widget\" data-widget_type=\"image.default\">\n\t\t\t\t<div class=\"elementor-widget-container\">\n\t\t\t\t\t\t\t\t\t\t\t\t\t\t\t<img decoding=\"async\" width=\"700\" height=\"700\" src=\"https:\/\/sentiers-dalienor.com\/wp-content\/uploads\/2024\/12\/61_SCEAUX-ARCHANGES.jpg\" class=\"attachment-large size-large wp-image-1369\" alt=\"\" srcset=\"https:\/\/sentiers-dalienor.com\/wp-content\/uploads\/2024\/12\/61_SCEAUX-ARCHANGES.jpg 700w, https:\/\/sentiers-dalienor.com\/wp-content\/uploads\/2024\/12\/61_SCEAUX-ARCHANGES-300x300.jpg 300w, https:\/\/sentiers-dalienor.com\/wp-content\/uploads\/2024\/12\/61_SCEAUX-ARCHANGES-150x150.jpg 150w\" sizes=\"(max-width: 700px) 100vw, 700px\" \/>\t\t\t\t\t\t\t\t\t\t\t\t\t\t\t<\/div>\n\t\t\t\t<\/div>\n\t\t\t\t<\/div>\n\t\t<div class=\"elementor-element elementor-element-e3b6859 e-con-full e-flex e-con e-child\" data-id=\"e3b6859\" data-element_type=\"container\">\n\t\t\t\t<div class=\"elementor-element elementor-element-0f25c86 elementor-widget elementor-widget-text-editor\" data-id=\"0f25c86\" data-element_type=\"widget\" data-widget_type=\"text-editor.default\">\n\t\t\t\t<div class=\"elementor-widget-container\">\n\t\t\t\t\t\t\t\t\t<p style=\"text-align: center;\">Placez sous la Protection des Anges et des Archanges, nous \u0153uvrons dans la lumi\u00e8re.<\/p>\n<p style=\"text-align: center;\">Entit\u00e9s sup\u00e9rieures protectrice et bienveillante, ils nous prot\u00e8gent depuis notre naissance, nous \u00e9claire un chemin fait parfois d\u2019obscurit\u00e9.<\/p>\n<p style=\"text-align: center;\">Avec notre date, heure et lieu de naissance, je trouve pour vous les noms de ces Gardiens de Lumi\u00e8re et r\u00e9alise un objet magique sp\u00e9cialement adapt\u00e9s \u00e0 vos besoins.<\/p>\t\t\t\t\t\t\t\t<\/div>\n\t\t\t\t<\/div>\n\t\t\t\t<\/div>\n\t\t\t\t\t<\/div>\n\t\t\t\t<\/div>\n\t\t<div class=\"elementor-element elementor-element-c9dfb48 e-flex e-con-boxed e-con e-parent\" data-id=\"c9dfb48\" data-element_type=\"container\">\n\t\t\t\t\t<div class=\"e-con-inner\">\n\t\t\t\t<div class=\"elementor-element elementor-element-4da8872 elementor-widget-divider--separator-type-pattern elementor-widget-divider--no-spacing elementor-widget-divider--view-line elementor-widget elementor-widget-divider\" data-id=\"4da8872\" data-element_type=\"widget\" data-widget_type=\"divider.default\">\n\t\t\t\t<div class=\"elementor-widget-container\">\n\t\t\t\t\t\t\t<div class=\"elementor-divider\" style=\"--divider-pattern-url: url(&quot;data:image\/svg+xml,%3Csvg xmlns=&#039;http:\/\/www.w3.org\/2000\/svg&#039; preserveAspectRatio=&#039;none&#039; overflow=&#039;visible&#039; height=&#039;100%&#039; viewBox=&#039;0 0 24 24&#039; fill=&#039;black&#039; stroke=&#039;none&#039;%3E%3Cpath d=&#039;M24,8v12H0V8H24z M24,4v1H0V4H24z&#039;\/%3E%3C\/svg%3E&quot;);\">\n\t\t\t<span class=\"elementor-divider-separator\">\n\t\t\t\t\t\t<\/span>\n\t\t<\/div>\n\t\t\t\t\t\t<\/div>\n\t\t\t\t<\/div>\n\t\t\t\t\t<\/div>\n\t\t\t\t<\/div>\n\t\t<div class=\"elementor-element elementor-element-b7e12b8 e-flex e-con-boxed e-con e-parent\" data-id=\"b7e12b8\" data-element_type=\"container\">\n\t\t\t\t\t<div class=\"e-con-inner\">\n\t\t\t\t<div class=\"elementor-element elementor-element-8a9daa8 elementor-widget elementor-widget-heading\" data-id=\"8a9daa8\" data-element_type=\"widget\" data-widget_type=\"heading.default\">\n\t\t\t\t<div class=\"elementor-widget-container\">\n\t\t\t\t\t<h3 class=\"elementor-heading-title elementor-size-default\">Sabbats<\/h3>\t\t\t\t<\/div>\n\t\t\t\t<\/div>\n\t\t\t\t\t<\/div>\n\t\t\t\t<\/div>\n\t\t<div class=\"elementor-element elementor-element-2b19e41 e-flex e-con-boxed e-con e-parent\" data-id=\"2b19e41\" data-element_type=\"container\">\n\t\t\t\t\t<div class=\"e-con-inner\">\n\t\t<div class=\"elementor-element elementor-element-d260f34 e-con-full e-flex e-con e-child\" data-id=\"d260f34\" data-element_type=\"container\">\n\t\t\t\t<div class=\"elementor-element elementor-element-8816656 elementor-widget elementor-widget-image\" data-id=\"8816656\" data-element_type=\"widget\" data-widget_type=\"image.default\">\n\t\t\t\t<div class=\"elementor-widget-container\">\n\t\t\t\t\t\t\t\t\t\t\t\t\t\t\t<img decoding=\"async\" width=\"636\" height=\"640\" src=\"https:\/\/sentiers-dalienor.com\/wp-content\/uploads\/2024\/12\/62_WICCA.jpg\" class=\"attachment-large size-large wp-image-1370\" alt=\"\" srcset=\"https:\/\/sentiers-dalienor.com\/wp-content\/uploads\/2024\/12\/62_WICCA.jpg 636w, https:\/\/sentiers-dalienor.com\/wp-content\/uploads\/2024\/12\/62_WICCA-298x300.jpg 298w, https:\/\/sentiers-dalienor.com\/wp-content\/uploads\/2024\/12\/62_WICCA-150x150.jpg 150w\" sizes=\"(max-width: 636px) 100vw, 636px\" \/>\t\t\t\t\t\t\t\t\t\t\t\t\t\t\t<\/div>\n\t\t\t\t<\/div>\n\t\t\t\t<\/div>\n\t\t<div class=\"elementor-element elementor-element-826cb48 e-con-full e-flex e-con e-child\" data-id=\"826cb48\" data-element_type=\"container\">\n\t\t\t\t<div class=\"elementor-element elementor-element-8259770 elementor-widget elementor-widget-text-editor\" data-id=\"8259770\" data-element_type=\"widget\" data-widget_type=\"text-editor.default\">\n\t\t\t\t<div class=\"elementor-widget-container\">\n\t\t\t\t\t\t\t\t\t<p>\u00a0<\/p>\n<p style=\"text-align: center;\">Depuis la nuit des Temps et les toutes premi\u00e8res formes de civilisations, les humains ont eu \u00e0 c\u0153ur de c\u00e9l\u00e9brer la nature et ses bienfaits.<\/p>\n<p style=\"text-align: center;\"><strong>Gardienne de la Roue de l\u2019Ann\u00e9e, je vous accueille lors de 8 journ\u00e9es d\u00e9di\u00e9es \u00e0 la c\u00e9l\u00e9bration du Cycle de la Nature.<\/strong><\/p>\t\t\t\t\t\t\t\t<\/div>\n\t\t\t\t<\/div>\n\t\t\t\t<\/div>\n\t\t\t\t\t<\/div>\n\t\t\t\t<\/div>\n\t\t<div class=\"elementor-element elementor-element-abda4af e-flex e-con-boxed e-con e-parent\" data-id=\"abda4af\" data-element_type=\"container\">\n\t\t\t\t\t<div class=\"e-con-inner\">\n\t\t\t\t<div class=\"elementor-element elementor-element-33ca8fd elementor-widget elementor-widget-text-editor\" data-id=\"33ca8fd\" data-element_type=\"widget\" data-widget_type=\"text-editor.default\">\n\t\t\t\t<div class=\"elementor-widget-container\">\n\t\t\t\t\t\t\t\t\t<p style=\"text-align: center;\"><strong>Samhain\u00a0<\/strong>: D\u00e9but de l\u2019ann\u00e9e Wicca \u2013 Entr\u00e9e dans la p\u00e9riode sombre \u2013 31 octobre<\/p>\n<p style=\"text-align: center;\"><strong>Yule\u00a0<\/strong>: Solstice d\u2019hiver \u2013 21 d\u00e9cembre \u2013 jour le + court<\/p>\n<p style=\"text-align: center;\"><strong>Imbolc\u00a0<\/strong>: 1<sup>er<\/sup> f\u00e9vrier \u2013 f\u00eate des chandelles<\/p>\n<p style=\"text-align: center;\"><strong>Ostara\u00a0<\/strong>: Equinoxe de printemps\u00a0\u2013 21 mars<\/p>\n<p style=\"text-align: center;\"><strong>Beltane\u00a0<\/strong>: Arbre de Mai \u2013 1<sup>er<\/sup> mai<\/p>\n<p style=\"text-align: center;\"><strong>Litha\u00a0<\/strong>: Solstice d\u2019\u00e9t\u00e9 \u2013 21 juin \u2013 jour le + long<\/p>\n<p style=\"text-align: center;\"><strong>Lughnasad\u00a0<\/strong>: F\u00eate des Moissons \u2013 1<sup>er<\/sup> aout<\/p>\n<p style=\"text-align: center;\"><strong>Mabon\u00a0<\/strong>: Equinoxe d\u2019Automne\u00a0: 21 septembre<\/p>\t\t\t\t\t\t\t\t<\/div>\n\t\t\t\t<\/div>\n\t\t\t\t\t<\/div>\n\t\t\t\t<\/div>\n\t\t<div class=\"elementor-element elementor-element-5c50766 e-flex e-con-boxed e-con e-parent\" data-id=\"5c50766\" data-element_type=\"container\">\n\t\t\t\t\t<div class=\"e-con-inner\">\n\t\t\t\t<div class=\"elementor-element elementor-element-014cc3e elementor-widget-divider--separator-type-pattern elementor-widget-divider--no-spacing elementor-widget-divider--view-line elementor-widget elementor-widget-divider\" data-id=\"014cc3e\" data-element_type=\"widget\" data-widget_type=\"divider.default\">\n\t\t\t\t<div class=\"elementor-widget-container\">\n\t\t\t\t\t\t\t<div class=\"elementor-divider\" style=\"--divider-pattern-url: url(&quot;data:image\/svg+xml,%3Csvg xmlns=&#039;http:\/\/www.w3.org\/2000\/svg&#039; preserveAspectRatio=&#039;none&#039; overflow=&#039;visible&#039; height=&#039;100%&#039; viewBox=&#039;0 0 24 24&#039; fill=&#039;black&#039; stroke=&#039;none&#039;%3E%3Cpath d=&#039;M24,8v12H0V8H24z M24,4v1H0V4H24z&#039;\/%3E%3C\/svg%3E&quot;);\">\n\t\t\t<span class=\"elementor-divider-separator\">\n\t\t\t\t\t\t<\/span>\n\t\t<\/div>\n\t\t\t\t\t\t<\/div>\n\t\t\t\t<\/div>\n\t\t\t\t\t<\/div>\n\t\t\t\t<\/div>\n\t\t<div class=\"elementor-element elementor-element-bd0fd17 e-flex e-con-boxed e-con e-parent\" data-id=\"bd0fd17\" data-element_type=\"container\">\n\t\t\t\t\t<div class=\"e-con-inner\">\n\t\t\t\t<div class=\"elementor-element elementor-element-29e3428 elementor-align-center elementor-widget elementor-widget-button\" data-id=\"29e3428\" data-element_type=\"widget\" data-widget_type=\"button.default\">\n\t\t\t\t<div class=\"elementor-widget-container\">\n\t\t\t\t\t\t\t\t\t<div class=\"elementor-button-wrapper\">\n\t\t\t\t\t<a class=\"elementor-button elementor-button-link elementor-size-sm\" href=\"https:\/\/sentiers-dalienor.com\/index.php\/tarifs-contact\/\">\n\t\t\t\t\t\t<span class=\"elementor-button-content-wrapper\">\n\t\t\t\t\t\t\t\t\t<span class=\"elementor-button-text\">Tarifs &amp; contact<\/span>\n\t\t\t\t\t<\/span>\n\t\t\t\t\t<\/a>\n\t\t\t\t<\/div>\n\t\t\t\t\t\t\t\t<\/div>\n\t\t\t\t<\/div>\n\t\t\t\t\t<\/div>\n\t\t\t\t<\/div>\n\t\t<div class=\"elementor-element elementor-element-43f0c88 e-flex e-con-boxed e-con e-parent\" data-id=\"43f0c88\" data-element_type=\"container\">\n\t\t\t\t\t<div class=\"e-con-inner\">\n\t\t\t\t<div class=\"elementor-element elementor-element-ccc3a73 elementor-widget-divider--separator-type-pattern elementor-widget-divider--no-spacing elementor-widget-divider--view-line elementor-widget elementor-widget-divider\" data-id=\"ccc3a73\" data-element_type=\"widget\" data-widget_type=\"divider.default\">\n\t\t\t\t<div class=\"elementor-widget-container\">\n\t\t\t\t\t\t\t<div class=\"elementor-divider\" style=\"--divider-pattern-url: url(&quot;data:image\/svg+xml,%3Csvg xmlns=&#039;http:\/\/www.w3.org\/2000\/svg&#039; preserveAspectRatio=&#039;none&#039; overflow=&#039;visible&#039; height=&#039;100%&#039; viewBox=&#039;0 0 24 24&#039; fill=&#039;black&#039; stroke=&#039;none&#039;%3E%3Cpath d=&#039;M24,8v12H0V8H24z M24,4v1H0V4H24z&#039;\/%3E%3C\/svg%3E&quot;);\">\n\t\t\t<span class=\"elementor-divider-separator\">\n\t\t\t\t\t\t<\/span>\n\t\t<\/div>\n\t\t\t\t\t\t<\/div>\n\t\t\t\t<\/div>\n\t\t\t\t\t<\/div>\n\t\t\t\t<\/div>\n\t\t\t\t<\/div>\n\t\t","protected":false},"excerpt":{"rendered":"<p>Tirage d&#8217;Oracle \/ S\u00e9ance de pendule Vous avez une question \u00e0 poser \u00e0 votre Ange Gardien\u00a0? Vous souhaitez\u00a0laisser le Destin vous r\u00e9v\u00e9ler un message\u00a0? Ou tout simplement \u00eatre rassur\u00e9s durant une phase difficile\u00a0? R\u00e9servez votre s\u00e9ance de tirage de l\u2019Oracle des Archanges. J\u2019utilise \u00e9galement divers pendules de radiesth\u00e9sie : Th\u00f4t, am\u00e9thyste, cristal de roche\u2026 Cr\u00e9ation&hellip;&nbsp;<a href=\"https:\/\/sentiers-dalienor.com\/index.php\/le-sentier-du-mystere\/\" rel=\"bookmark\">Read More &raquo;<span class=\"screen-reader-text\">Le Myst\u00e8re<\/span><\/a><\/p>\n","protected":false},"author":1,"featured_media":490,"parent":0,"menu_order":0,"comment_status":"closed","ping_status":"closed","template":"","meta":{"neve_meta_sidebar":"full-width","neve_meta_container":"","neve_meta_enable_content_width":"on","neve_meta_content_width":70,"neve_meta_title_alignment":"center","neve_meta_author_avatar":"","neve_post_elements_order":"","neve_meta_disable_header":"","neve_meta_disable_footer":"","neve_meta_disable_title":"","footnotes":""},"class_list":["post-449","page","type-page","status-publish","has-post-thumbnail","hentry"],"yoast_head":"<!-- This site is optimized with the Yoast SEO plugin v26.3 - https:\/\/yoast.com\/wordpress\/plugins\/seo\/ -->\n<title>Le Myst\u00e8re - Les Sentiers d&#039;Ali\u00e9nor<\/title>\n<meta name=\"robots\" content=\"index, follow, max-snippet:-1, max-image-preview:large, max-video-preview:-1\" \/>\n<link rel=\"canonical\" href=\"https:\/\/sentiers-dalienor.com\/index.php\/le-sentier-du-mystere\/\" \/>\n<meta property=\"og:locale\" content=\"en_US\" \/>\n<meta property=\"og:type\" content=\"article\" \/>\n<meta property=\"og:title\" content=\"Le Myst\u00e8re - Les Sentiers d&#039;Ali\u00e9nor\" \/>\n<meta property=\"og:description\" content=\"Tirage d&#8217;Oracle \/ S\u00e9ance de pendule Vous avez une question \u00e0 poser \u00e0 votre Ange Gardien\u00a0? Vous souhaitez\u00a0laisser le Destin vous r\u00e9v\u00e9ler un message\u00a0? Ou tout simplement \u00eatre rassur\u00e9s durant une phase difficile\u00a0? R\u00e9servez votre s\u00e9ance de tirage de l\u2019Oracle des Archanges. J\u2019utilise \u00e9galement divers pendules de radiesth\u00e9sie : Th\u00f4t, am\u00e9thyste, cristal de roche\u2026 Cr\u00e9ation&hellip;&nbsp;Read More &raquo;Le Myst\u00e8re\" \/>\n<meta property=\"og:url\" content=\"https:\/\/sentiers-dalienor.com\/index.php\/le-sentier-du-mystere\/\" \/>\n<meta property=\"og:site_name\" content=\"Les Sentiers d&#039;Ali\u00e9nor\" \/>\n<meta property=\"article:modified_time\" content=\"2025-09-21T13:43:17+00:00\" \/>\n<meta property=\"og:image\" content=\"https:\/\/sentiers-dalienor.com\/wp-content\/uploads\/2024\/10\/28_MYSTERE.jpg\" \/>\n\t<meta property=\"og:image:width\" content=\"1280\" \/>\n\t<meta property=\"og:image:height\" content=\"785\" \/>\n\t<meta property=\"og:image:type\" content=\"image\/jpeg\" \/>\n<meta name=\"twitter:card\" content=\"summary_large_image\" \/>\n<meta name=\"twitter:label1\" content=\"Est. reading time\" \/>\n\t<meta name=\"twitter:data1\" content=\"1 minute\" \/>\n<script type=\"application\/ld+json\" class=\"yoast-schema-graph\">{\"@context\":\"https:\/\/schema.org\",\"@graph\":[{\"@type\":\"WebPage\",\"@id\":\"https:\/\/sentiers-dalienor.com\/index.php\/le-sentier-du-mystere\/\",\"url\":\"https:\/\/sentiers-dalienor.com\/index.php\/le-sentier-du-mystere\/\",\"name\":\"Le Myst\u00e8re - Les Sentiers d&#039;Ali\u00e9nor\",\"isPartOf\":{\"@id\":\"https:\/\/sentiers-dalienor.com\/#website\"},\"primaryImageOfPage\":{\"@id\":\"https:\/\/sentiers-dalienor.com\/index.php\/le-sentier-du-mystere\/#primaryimage\"},\"image\":{\"@id\":\"https:\/\/sentiers-dalienor.com\/index.php\/le-sentier-du-mystere\/#primaryimage\"},\"thumbnailUrl\":\"https:\/\/sentiers-dalienor.com\/wp-content\/uploads\/2024\/10\/28_MYSTERE.jpg\",\"datePublished\":\"2024-10-11T09:06:56+00:00\",\"dateModified\":\"2025-09-21T13:43:17+00:00\",\"breadcrumb\":{\"@id\":\"https:\/\/sentiers-dalienor.com\/index.php\/le-sentier-du-mystere\/#breadcrumb\"},\"inLanguage\":\"en-US\",\"potentialAction\":[{\"@type\":\"ReadAction\",\"target\":[\"https:\/\/sentiers-dalienor.com\/index.php\/le-sentier-du-mystere\/\"]}]},{\"@type\":\"ImageObject\",\"inLanguage\":\"en-US\",\"@id\":\"https:\/\/sentiers-dalienor.com\/index.php\/le-sentier-du-mystere\/#primaryimage\",\"url\":\"https:\/\/sentiers-dalienor.com\/wp-content\/uploads\/2024\/10\/28_MYSTERE.jpg\",\"contentUrl\":\"https:\/\/sentiers-dalienor.com\/wp-content\/uploads\/2024\/10\/28_MYSTERE.jpg\",\"width\":1280,\"height\":785},{\"@type\":\"BreadcrumbList\",\"@id\":\"https:\/\/sentiers-dalienor.com\/index.php\/le-sentier-du-mystere\/#breadcrumb\",\"itemListElement\":[{\"@type\":\"ListItem\",\"position\":1,\"name\":\"Accueil\",\"item\":\"https:\/\/sentiers-dalienor.com\/\"},{\"@type\":\"ListItem\",\"position\":2,\"name\":\"Le Myst\u00e8re\"}]},{\"@type\":\"WebSite\",\"@id\":\"https:\/\/sentiers-dalienor.com\/#website\",\"url\":\"https:\/\/sentiers-dalienor.com\/\",\"name\":\"Les Sentiers d&#039;Ali\u00e9nor\",\"description\":\"Magn\u00e9tisme - G\u00e9n\u00e9alogie - Chemin de Vie - Esot\u00e9risme\",\"publisher\":{\"@id\":\"https:\/\/sentiers-dalienor.com\/#organization\"},\"potentialAction\":[{\"@type\":\"SearchAction\",\"target\":{\"@type\":\"EntryPoint\",\"urlTemplate\":\"https:\/\/sentiers-dalienor.com\/?s={search_term_string}\"},\"query-input\":{\"@type\":\"PropertyValueSpecification\",\"valueRequired\":true,\"valueName\":\"search_term_string\"}}],\"inLanguage\":\"en-US\"},{\"@type\":\"Organization\",\"@id\":\"https:\/\/sentiers-dalienor.com\/#organization\",\"name\":\"Les Sentiers d&#039;Ali\u00e9nor\",\"url\":\"https:\/\/sentiers-dalienor.com\/\",\"logo\":{\"@type\":\"ImageObject\",\"inLanguage\":\"en-US\",\"@id\":\"https:\/\/sentiers-dalienor.com\/#\/schema\/logo\/image\/\",\"url\":\"\",\"contentUrl\":\"\",\"caption\":\"Les Sentiers d&#039;Ali\u00e9nor\"},\"image\":{\"@id\":\"https:\/\/sentiers-dalienor.com\/#\/schema\/logo\/image\/\"}}]}<\/script>\n<!-- \/ Yoast SEO plugin. -->","yoast_head_json":{"title":"Le Myst\u00e8re - Les Sentiers d&#039;Ali\u00e9nor","robots":{"index":"index","follow":"follow","max-snippet":"max-snippet:-1","max-image-preview":"max-image-preview:large","max-video-preview":"max-video-preview:-1"},"canonical":"https:\/\/sentiers-dalienor.com\/index.php\/le-sentier-du-mystere\/","og_locale":"en_US","og_type":"article","og_title":"Le Myst\u00e8re - Les Sentiers d&#039;Ali\u00e9nor","og_description":"Tirage d&#8217;Oracle \/ S\u00e9ance de pendule Vous avez une question \u00e0 poser \u00e0 votre Ange Gardien\u00a0? Vous souhaitez\u00a0laisser le Destin vous r\u00e9v\u00e9ler un message\u00a0? Ou tout simplement \u00eatre rassur\u00e9s durant une phase difficile\u00a0? R\u00e9servez votre s\u00e9ance de tirage de l\u2019Oracle des Archanges. J\u2019utilise \u00e9galement divers pendules de radiesth\u00e9sie : Th\u00f4t, am\u00e9thyste, cristal de roche\u2026 Cr\u00e9ation&hellip;&nbsp;Read More &raquo;Le Myst\u00e8re","og_url":"https:\/\/sentiers-dalienor.com\/index.php\/le-sentier-du-mystere\/","og_site_name":"Les Sentiers d&#039;Ali\u00e9nor","article_modified_time":"2025-09-21T13:43:17+00:00","og_image":[{"width":1280,"height":785,"url":"https:\/\/sentiers-dalienor.com\/wp-content\/uploads\/2024\/10\/28_MYSTERE.jpg","type":"image\/jpeg"}],"twitter_card":"summary_large_image","twitter_misc":{"Est. reading time":"1 minute"},"schema":{"@context":"https:\/\/schema.org","@graph":[{"@type":"WebPage","@id":"https:\/\/sentiers-dalienor.com\/index.php\/le-sentier-du-mystere\/","url":"https:\/\/sentiers-dalienor.com\/index.php\/le-sentier-du-mystere\/","name":"Le Myst\u00e8re - Les Sentiers d&#039;Ali\u00e9nor","isPartOf":{"@id":"https:\/\/sentiers-dalienor.com\/#website"},"primaryImageOfPage":{"@id":"https:\/\/sentiers-dalienor.com\/index.php\/le-sentier-du-mystere\/#primaryimage"},"image":{"@id":"https:\/\/sentiers-dalienor.com\/index.php\/le-sentier-du-mystere\/#primaryimage"},"thumbnailUrl":"https:\/\/sentiers-dalienor.com\/wp-content\/uploads\/2024\/10\/28_MYSTERE.jpg","datePublished":"2024-10-11T09:06:56+00:00","dateModified":"2025-09-21T13:43:17+00:00","breadcrumb":{"@id":"https:\/\/sentiers-dalienor.com\/index.php\/le-sentier-du-mystere\/#breadcrumb"},"inLanguage":"en-US","potentialAction":[{"@type":"ReadAction","target":["https:\/\/sentiers-dalienor.com\/index.php\/le-sentier-du-mystere\/"]}]},{"@type":"ImageObject","inLanguage":"en-US","@id":"https:\/\/sentiers-dalienor.com\/index.php\/le-sentier-du-mystere\/#primaryimage","url":"https:\/\/sentiers-dalienor.com\/wp-content\/uploads\/2024\/10\/28_MYSTERE.jpg","contentUrl":"https:\/\/sentiers-dalienor.com\/wp-content\/uploads\/2024\/10\/28_MYSTERE.jpg","width":1280,"height":785},{"@type":"BreadcrumbList","@id":"https:\/\/sentiers-dalienor.com\/index.php\/le-sentier-du-mystere\/#breadcrumb","itemListElement":[{"@type":"ListItem","position":1,"name":"Accueil","item":"https:\/\/sentiers-dalienor.com\/"},{"@type":"ListItem","position":2,"name":"Le Myst\u00e8re"}]},{"@type":"WebSite","@id":"https:\/\/sentiers-dalienor.com\/#website","url":"https:\/\/sentiers-dalienor.com\/","name":"Les Sentiers d&#039;Ali\u00e9nor","description":"Magn\u00e9tisme - G\u00e9n\u00e9alogie - Chemin de Vie - Esot\u00e9risme","publisher":{"@id":"https:\/\/sentiers-dalienor.com\/#organization"},"potentialAction":[{"@type":"SearchAction","target":{"@type":"EntryPoint","urlTemplate":"https:\/\/sentiers-dalienor.com\/?s={search_term_string}"},"query-input":{"@type":"PropertyValueSpecification","valueRequired":true,"valueName":"search_term_string"}}],"inLanguage":"en-US"},{"@type":"Organization","@id":"https:\/\/sentiers-dalienor.com\/#organization","name":"Les Sentiers d&#039;Ali\u00e9nor","url":"https:\/\/sentiers-dalienor.com\/","logo":{"@type":"ImageObject","inLanguage":"en-US","@id":"https:\/\/sentiers-dalienor.com\/#\/schema\/logo\/image\/","url":"","contentUrl":"","caption":"Les Sentiers d&#039;Ali\u00e9nor"},"image":{"@id":"https:\/\/sentiers-dalienor.com\/#\/schema\/logo\/image\/"}}]}},"_links":{"self":[{"href":"https:\/\/sentiers-dalienor.com\/index.php\/wp-json\/wp\/v2\/pages\/449","targetHints":{"allow":["GET"]}}],"collection":[{"href":"https:\/\/sentiers-dalienor.com\/index.php\/wp-json\/wp\/v2\/pages"}],"about":[{"href":"https:\/\/sentiers-dalienor.com\/index.php\/wp-json\/wp\/v2\/types\/page"}],"author":[{"embeddable":true,"href":"https:\/\/sentiers-dalienor.com\/index.php\/wp-json\/wp\/v2\/users\/1"}],"replies":[{"embeddable":true,"href":"https:\/\/sentiers-dalienor.com\/index.php\/wp-json\/wp\/v2\/comments?post=449"}],"version-history":[{"count":18,"href":"https:\/\/sentiers-dalienor.com\/index.php\/wp-json\/wp\/v2\/pages\/449\/revisions"}],"predecessor-version":[{"id":1477,"href":"https:\/\/sentiers-dalienor.com\/index.php\/wp-json\/wp\/v2\/pages\/449\/revisions\/1477"}],"wp:featuredmedia":[{"embeddable":true,"href":"https:\/\/sentiers-dalienor.com\/index.php\/wp-json\/wp\/v2\/media\/490"}],"wp:attachment":[{"href":"https:\/\/sentiers-dalienor.com\/index.php\/wp-json\/wp\/v2\/media?parent=449"}],"curies":[{"name":"wp","href":"https:\/\/api.w.org\/{rel}","templated":true}]}}