{"id":445,"date":"2024-10-11T11:05:46","date_gmt":"2024-10-11T09:05:46","guid":{"rendered":"https:\/\/sentiers-dalienor.com\/?page_id=445"},"modified":"2025-09-21T15:43:27","modified_gmt":"2025-09-21T13:43:27","slug":"le-sentier-de-la-reconnexion","status":"publish","type":"page","link":"https:\/\/sentiers-dalienor.com\/index.php\/le-sentier-de-la-reconnexion\/","title":{"rendered":"La Reconnexion"},"content":{"rendered":"\t\t<div data-elementor-type=\"wp-page\" data-elementor-id=\"445\" class=\"elementor elementor-445\">\n\t\t\t\t<div class=\"elementor-element elementor-element-569c9c5 e-flex e-con-boxed e-con e-parent\" data-id=\"569c9c5\" data-element_type=\"container\">\n\t\t\t\t\t<div class=\"e-con-inner\">\n\t\t\t\t<div class=\"elementor-element elementor-element-8b11bb4 elementor-widget elementor-widget-text-editor\" data-id=\"8b11bb4\" data-element_type=\"widget\" data-widget_type=\"text-editor.default\">\n\t\t\t\t<div class=\"elementor-widget-container\">\n\t\t\t\t\t\t\t\t\t<h4 style=\"text-align: center;\"><span style=\"text-decoration: underline;\"><strong>Les dates de ces \u00e9v\u00e9nements seront prochainement disponibles.<\/strong><\/span><\/h4>\t\t\t\t\t\t\t\t<\/div>\n\t\t\t\t<\/div>\n\t\t\t\t\t<\/div>\n\t\t\t\t<\/div>\n\t\t<div class=\"elementor-element elementor-element-ccf75f1 e-flex e-con-boxed e-con e-parent\" data-id=\"ccf75f1\" data-element_type=\"container\">\n\t\t\t\t\t<div class=\"e-con-inner\">\n\t\t\t\t<div class=\"elementor-element elementor-element-f9360d0 elementor-widget-divider--separator-type-pattern elementor-widget-divider--no-spacing elementor-widget-divider--view-line elementor-widget elementor-widget-divider\" data-id=\"f9360d0\" data-element_type=\"widget\" data-widget_type=\"divider.default\">\n\t\t\t\t<div class=\"elementor-widget-container\">\n\t\t\t\t\t\t\t<div class=\"elementor-divider\" style=\"--divider-pattern-url: url(&quot;data:image\/svg+xml,%3Csvg xmlns=&#039;http:\/\/www.w3.org\/2000\/svg&#039; preserveAspectRatio=&#039;none&#039; overflow=&#039;visible&#039; height=&#039;100%&#039; viewBox=&#039;0 0 24 24&#039; fill=&#039;black&#039; stroke=&#039;none&#039;%3E%3Cpath d=&#039;M24,8v12H0V8H24z M24,4v1H0V4H24z&#039;\/%3E%3C\/svg%3E&quot;);\">\n\t\t\t<span class=\"elementor-divider-separator\">\n\t\t\t\t\t\t<\/span>\n\t\t<\/div>\n\t\t\t\t\t\t<\/div>\n\t\t\t\t<\/div>\n\t\t\t\t\t<\/div>\n\t\t\t\t<\/div>\n\t\t<div class=\"elementor-element elementor-element-de43c96 e-flex e-con-boxed e-con e-parent\" data-id=\"de43c96\" data-element_type=\"container\">\n\t\t\t\t\t<div class=\"e-con-inner\">\n\t\t\t\t<div class=\"elementor-element elementor-element-42cc061 elementor-widget elementor-widget-heading\" data-id=\"42cc061\" data-element_type=\"widget\" data-widget_type=\"heading.default\">\n\t\t\t\t<div class=\"elementor-widget-container\">\n\t\t\t\t\t<h3 class=\"elementor-heading-title elementor-size-default\">Cercle de parole<\/h3>\t\t\t\t<\/div>\n\t\t\t\t<\/div>\n\t\t\t\t\t<\/div>\n\t\t\t\t<\/div>\n\t\t<div class=\"elementor-element elementor-element-30c2a61 e-flex e-con-boxed e-con e-parent\" data-id=\"30c2a61\" data-element_type=\"container\">\n\t\t\t\t\t<div class=\"e-con-inner\">\n\t\t<div class=\"elementor-element elementor-element-845cf6e e-con-full e-flex e-con e-child\" data-id=\"845cf6e\" data-element_type=\"container\">\n\t\t\t\t<div class=\"elementor-element elementor-element-8970a5a elementor-widget elementor-widget-image\" data-id=\"8970a5a\" data-element_type=\"widget\" data-widget_type=\"image.default\">\n\t\t\t\t<div class=\"elementor-widget-container\">\n\t\t\t\t\t\t\t\t\t\t\t\t\t\t\t<img fetchpriority=\"high\" decoding=\"async\" width=\"1024\" height=\"682\" src=\"https:\/\/sentiers-dalienor.com\/wp-content\/uploads\/2024\/12\/57_GROUPE-PAROLE-1024x682.jpg\" class=\"attachment-large size-large wp-image-1351\" alt=\"\" srcset=\"https:\/\/sentiers-dalienor.com\/wp-content\/uploads\/2024\/12\/57_GROUPE-PAROLE-1024x682.jpg 1024w, https:\/\/sentiers-dalienor.com\/wp-content\/uploads\/2024\/12\/57_GROUPE-PAROLE-300x200.jpg 300w, https:\/\/sentiers-dalienor.com\/wp-content\/uploads\/2024\/12\/57_GROUPE-PAROLE-768x512.jpg 768w, https:\/\/sentiers-dalienor.com\/wp-content\/uploads\/2024\/12\/57_GROUPE-PAROLE-930x620.jpg 930w, https:\/\/sentiers-dalienor.com\/wp-content\/uploads\/2024\/12\/57_GROUPE-PAROLE.jpg 1280w\" sizes=\"(max-width: 1024px) 100vw, 1024px\" \/>\t\t\t\t\t\t\t\t\t\t\t\t\t\t\t<\/div>\n\t\t\t\t<\/div>\n\t\t\t\t<\/div>\n\t\t<div class=\"elementor-element elementor-element-40732c4 e-con-full e-flex e-con e-child\" data-id=\"40732c4\" data-element_type=\"container\">\n\t\t\t\t<div class=\"elementor-element elementor-element-8ffa783 elementor-widget elementor-widget-text-editor\" data-id=\"8ffa783\" data-element_type=\"widget\" data-widget_type=\"text-editor.default\">\n\t\t\t\t<div class=\"elementor-widget-container\">\n\t\t\t\t\t\t\t\t\t<p style=\"text-align: center;\">Des moments d\u2019\u00e9change, en toute s\u00e9curit\u00e9 et bienveillance.<\/p>\t\t\t\t\t\t\t\t<\/div>\n\t\t\t\t<\/div>\n\t\t\t\t<\/div>\n\t\t\t\t\t<\/div>\n\t\t\t\t<\/div>\n\t\t<div class=\"elementor-element elementor-element-8a730d3 e-flex e-con-boxed e-con e-parent\" data-id=\"8a730d3\" data-element_type=\"container\">\n\t\t\t\t\t<div class=\"e-con-inner\">\n\t\t\t\t<div class=\"elementor-element elementor-element-037a819 elementor-widget-divider--separator-type-pattern elementor-widget-divider--no-spacing elementor-widget-divider--view-line elementor-widget elementor-widget-divider\" data-id=\"037a819\" data-element_type=\"widget\" data-widget_type=\"divider.default\">\n\t\t\t\t<div class=\"elementor-widget-container\">\n\t\t\t\t\t\t\t<div class=\"elementor-divider\" style=\"--divider-pattern-url: url(&quot;data:image\/svg+xml,%3Csvg xmlns=&#039;http:\/\/www.w3.org\/2000\/svg&#039; preserveAspectRatio=&#039;none&#039; overflow=&#039;visible&#039; height=&#039;100%&#039; viewBox=&#039;0 0 24 24&#039; fill=&#039;black&#039; stroke=&#039;none&#039;%3E%3Cpath d=&#039;M24,8v12H0V8H24z M24,4v1H0V4H24z&#039;\/%3E%3C\/svg%3E&quot;);\">\n\t\t\t<span class=\"elementor-divider-separator\">\n\t\t\t\t\t\t<\/span>\n\t\t<\/div>\n\t\t\t\t\t\t<\/div>\n\t\t\t\t<\/div>\n\t\t\t\t\t<\/div>\n\t\t\t\t<\/div>\n\t\t<div class=\"elementor-element elementor-element-a57e72c e-flex e-con-boxed e-con e-parent\" data-id=\"a57e72c\" data-element_type=\"container\">\n\t\t\t\t\t<div class=\"e-con-inner\">\n\t\t\t\t<div class=\"elementor-element elementor-element-14ff590 elementor-widget elementor-widget-heading\" data-id=\"14ff590\" data-element_type=\"widget\" data-widget_type=\"heading.default\">\n\t\t\t\t<div class=\"elementor-widget-container\">\n\t\t\t\t\t<h3 class=\"elementor-heading-title elementor-size-default\">Journ\u00e9e de reconnexion au Vivant<\/h3>\t\t\t\t<\/div>\n\t\t\t\t<\/div>\n\t\t\t\t\t<\/div>\n\t\t\t\t<\/div>\n\t\t<div class=\"elementor-element elementor-element-145acc2 e-flex e-con-boxed e-con e-parent\" data-id=\"145acc2\" data-element_type=\"container\">\n\t\t\t\t\t<div class=\"e-con-inner\">\n\t\t<div class=\"elementor-element elementor-element-77f7eca e-con-full e-flex e-con e-child\" data-id=\"77f7eca\" data-element_type=\"container\">\n\t\t\t\t<div class=\"elementor-element elementor-element-da074ac elementor-widget elementor-widget-image\" data-id=\"da074ac\" data-element_type=\"widget\" data-widget_type=\"image.default\">\n\t\t\t\t<div class=\"elementor-widget-container\">\n\t\t\t\t\t\t\t\t\t\t\t\t\t\t\t<img decoding=\"async\" width=\"1024\" height=\"682\" src=\"https:\/\/sentiers-dalienor.com\/wp-content\/uploads\/2024\/10\/22_RECONNEXION-1024x682.jpg\" class=\"attachment-large size-large wp-image-484\" alt=\"\" srcset=\"https:\/\/sentiers-dalienor.com\/wp-content\/uploads\/2024\/10\/22_RECONNEXION-1024x682.jpg 1024w, https:\/\/sentiers-dalienor.com\/wp-content\/uploads\/2024\/10\/22_RECONNEXION-300x200.jpg 300w, https:\/\/sentiers-dalienor.com\/wp-content\/uploads\/2024\/10\/22_RECONNEXION-768x512.jpg 768w, https:\/\/sentiers-dalienor.com\/wp-content\/uploads\/2024\/10\/22_RECONNEXION.jpg 1280w\" sizes=\"(max-width: 1024px) 100vw, 1024px\" \/>\t\t\t\t\t\t\t\t\t\t\t\t\t\t\t<\/div>\n\t\t\t\t<\/div>\n\t\t\t\t<\/div>\n\t\t<div class=\"elementor-element elementor-element-60ad573 e-con-full e-flex e-con e-child\" data-id=\"60ad573\" data-element_type=\"container\">\n\t\t\t\t<div class=\"elementor-element elementor-element-179efd0 elementor-widget elementor-widget-text-editor\" data-id=\"179efd0\" data-element_type=\"widget\" data-widget_type=\"text-editor.default\">\n\t\t\t\t<div class=\"elementor-widget-container\">\n\t\t\t\t\t\t\t\t\t<p style=\"text-align: center;\">Pour s\u2019ancrer dans la r\u00e9alit\u00e9, dans la Vie.<\/p>\t\t\t\t\t\t\t\t<\/div>\n\t\t\t\t<\/div>\n\t\t\t\t<\/div>\n\t\t\t\t\t<\/div>\n\t\t\t\t<\/div>\n\t\t<div class=\"elementor-element elementor-element-9a04e75 e-flex e-con-boxed e-con e-parent\" data-id=\"9a04e75\" data-element_type=\"container\">\n\t\t\t\t\t<div class=\"e-con-inner\">\n\t\t\t\t<div class=\"elementor-element elementor-element-4b4062a elementor-widget-divider--separator-type-pattern elementor-widget-divider--no-spacing elementor-widget-divider--view-line elementor-widget elementor-widget-divider\" data-id=\"4b4062a\" data-element_type=\"widget\" data-widget_type=\"divider.default\">\n\t\t\t\t<div class=\"elementor-widget-container\">\n\t\t\t\t\t\t\t<div class=\"elementor-divider\" style=\"--divider-pattern-url: url(&quot;data:image\/svg+xml,%3Csvg xmlns=&#039;http:\/\/www.w3.org\/2000\/svg&#039; preserveAspectRatio=&#039;none&#039; overflow=&#039;visible&#039; height=&#039;100%&#039; viewBox=&#039;0 0 24 24&#039; fill=&#039;black&#039; stroke=&#039;none&#039;%3E%3Cpath d=&#039;M24,8v12H0V8H24z M24,4v1H0V4H24z&#039;\/%3E%3C\/svg%3E&quot;);\">\n\t\t\t<span class=\"elementor-divider-separator\">\n\t\t\t\t\t\t<\/span>\n\t\t<\/div>\n\t\t\t\t\t\t<\/div>\n\t\t\t\t<\/div>\n\t\t\t\t\t<\/div>\n\t\t\t\t<\/div>\n\t\t<div class=\"elementor-element elementor-element-7e7d3b6 e-flex e-con-boxed e-con e-parent\" data-id=\"7e7d3b6\" data-element_type=\"container\">\n\t\t\t\t\t<div class=\"e-con-inner\">\n\t\t\t\t<div class=\"elementor-element elementor-element-67d1bbf elementor-widget elementor-widget-heading\" data-id=\"67d1bbf\" data-element_type=\"widget\" data-widget_type=\"heading.default\">\n\t\t\t\t<div class=\"elementor-widget-container\">\n\t\t\t\t\t<h3 class=\"elementor-heading-title elementor-size-default\">Retraite silencieuse en for\u00eat<\/h3>\t\t\t\t<\/div>\n\t\t\t\t<\/div>\n\t\t\t\t\t<\/div>\n\t\t\t\t<\/div>\n\t\t<div class=\"elementor-element elementor-element-76d8d49 e-flex e-con-boxed e-con e-parent\" data-id=\"76d8d49\" data-element_type=\"container\">\n\t\t\t\t\t<div class=\"e-con-inner\">\n\t\t<div class=\"elementor-element elementor-element-42ee604 e-con-full e-flex e-con e-child\" data-id=\"42ee604\" data-element_type=\"container\">\n\t\t\t\t<div class=\"elementor-element elementor-element-2e6e18a elementor-widget elementor-widget-image\" data-id=\"2e6e18a\" data-element_type=\"widget\" data-widget_type=\"image.default\">\n\t\t\t\t<div class=\"elementor-widget-container\">\n\t\t\t\t\t\t\t\t\t\t\t\t\t\t\t<img decoding=\"async\" width=\"1024\" height=\"683\" src=\"https:\/\/sentiers-dalienor.com\/wp-content\/uploads\/2024\/12\/55_SENTIERS-1024x683.jpg\" class=\"attachment-large size-large wp-image-1323\" alt=\"\" srcset=\"https:\/\/sentiers-dalienor.com\/wp-content\/uploads\/2024\/12\/55_SENTIERS-1024x683.jpg 1024w, https:\/\/sentiers-dalienor.com\/wp-content\/uploads\/2024\/12\/55_SENTIERS-300x200.jpg 300w, https:\/\/sentiers-dalienor.com\/wp-content\/uploads\/2024\/12\/55_SENTIERS-768x512.jpg 768w, https:\/\/sentiers-dalienor.com\/wp-content\/uploads\/2024\/12\/55_SENTIERS-930x620.jpg 930w, https:\/\/sentiers-dalienor.com\/wp-content\/uploads\/2024\/12\/55_SENTIERS.jpg 1280w\" sizes=\"(max-width: 1024px) 100vw, 1024px\" \/>\t\t\t\t\t\t\t\t\t\t\t\t\t\t\t<\/div>\n\t\t\t\t<\/div>\n\t\t\t\t<\/div>\n\t\t<div class=\"elementor-element elementor-element-15a78c4 e-con-full e-flex e-con e-child\" data-id=\"15a78c4\" data-element_type=\"container\">\n\t\t\t\t<div class=\"elementor-element elementor-element-e1977f9 elementor-widget elementor-widget-text-editor\" data-id=\"e1977f9\" data-element_type=\"widget\" data-widget_type=\"text-editor.default\">\n\t\t\t\t<div class=\"elementor-widget-container\">\n\t\t\t\t\t\t\t\t\t<p style=\"text-align: center;\">Un moment magique, hors du temps\u2026<\/p>\t\t\t\t\t\t\t\t<\/div>\n\t\t\t\t<\/div>\n\t\t\t\t<\/div>\n\t\t\t\t\t<\/div>\n\t\t\t\t<\/div>\n\t\t<div class=\"elementor-element elementor-element-50bac25 e-flex e-con-boxed e-con e-parent\" data-id=\"50bac25\" data-element_type=\"container\">\n\t\t\t\t\t<div class=\"e-con-inner\">\n\t\t\t\t<div class=\"elementor-element elementor-element-af06209 elementor-widget-divider--separator-type-pattern elementor-widget-divider--no-spacing elementor-widget-divider--view-line elementor-widget elementor-widget-divider\" data-id=\"af06209\" data-element_type=\"widget\" data-widget_type=\"divider.default\">\n\t\t\t\t<div class=\"elementor-widget-container\">\n\t\t\t\t\t\t\t<div class=\"elementor-divider\" style=\"--divider-pattern-url: url(&quot;data:image\/svg+xml,%3Csvg xmlns=&#039;http:\/\/www.w3.org\/2000\/svg&#039; preserveAspectRatio=&#039;none&#039; overflow=&#039;visible&#039; height=&#039;100%&#039; viewBox=&#039;0 0 24 24&#039; fill=&#039;black&#039; stroke=&#039;none&#039;%3E%3Cpath d=&#039;M24,8v12H0V8H24z M24,4v1H0V4H24z&#039;\/%3E%3C\/svg%3E&quot;);\">\n\t\t\t<span class=\"elementor-divider-separator\">\n\t\t\t\t\t\t<\/span>\n\t\t<\/div>\n\t\t\t\t\t\t<\/div>\n\t\t\t\t<\/div>\n\t\t\t\t\t<\/div>\n\t\t\t\t<\/div>\n\t\t<div class=\"elementor-element elementor-element-3ddea28 e-flex e-con-boxed e-con e-parent\" data-id=\"3ddea28\" data-element_type=\"container\">\n\t\t\t\t\t<div class=\"e-con-inner\">\n\t\t\t\t<div class=\"elementor-element elementor-element-b397a89 elementor-align-center elementor-widget elementor-widget-button\" data-id=\"b397a89\" data-element_type=\"widget\" data-widget_type=\"button.default\">\n\t\t\t\t<div class=\"elementor-widget-container\">\n\t\t\t\t\t\t\t\t\t<div class=\"elementor-button-wrapper\">\n\t\t\t\t\t<a class=\"elementor-button elementor-button-link elementor-size-sm\" href=\"https:\/\/sentiers-dalienor.com\/index.php\/tarifs-contact\/\">\n\t\t\t\t\t\t<span class=\"elementor-button-content-wrapper\">\n\t\t\t\t\t\t\t\t\t<span class=\"elementor-button-text\">Tarifs &amp; contact<\/span>\n\t\t\t\t\t<\/span>\n\t\t\t\t\t<\/a>\n\t\t\t\t<\/div>\n\t\t\t\t\t\t\t\t<\/div>\n\t\t\t\t<\/div>\n\t\t\t\t\t<\/div>\n\t\t\t\t<\/div>\n\t\t<div class=\"elementor-element elementor-element-494b241 e-flex e-con-boxed e-con e-parent\" data-id=\"494b241\" data-element_type=\"container\">\n\t\t\t\t\t<div class=\"e-con-inner\">\n\t\t\t\t<div class=\"elementor-element elementor-element-28ddbb9 elementor-widget-divider--separator-type-pattern elementor-widget-divider--no-spacing elementor-widget-divider--view-line elementor-widget elementor-widget-divider\" data-id=\"28ddbb9\" data-element_type=\"widget\" data-widget_type=\"divider.default\">\n\t\t\t\t<div class=\"elementor-widget-container\">\n\t\t\t\t\t\t\t<div class=\"elementor-divider\" style=\"--divider-pattern-url: url(&quot;data:image\/svg+xml,%3Csvg xmlns=&#039;http:\/\/www.w3.org\/2000\/svg&#039; preserveAspectRatio=&#039;none&#039; overflow=&#039;visible&#039; height=&#039;100%&#039; viewBox=&#039;0 0 24 24&#039; fill=&#039;black&#039; stroke=&#039;none&#039;%3E%3Cpath d=&#039;M24,8v12H0V8H24z M24,4v1H0V4H24z&#039;\/%3E%3C\/svg%3E&quot;);\">\n\t\t\t<span class=\"elementor-divider-separator\">\n\t\t\t\t\t\t<\/span>\n\t\t<\/div>\n\t\t\t\t\t\t<\/div>\n\t\t\t\t<\/div>\n\t\t\t\t\t<\/div>\n\t\t\t\t<\/div>\n\t\t\t\t<\/div>\n\t\t","protected":false},"excerpt":{"rendered":"<p>Les dates de ces \u00e9v\u00e9nements seront prochainement disponibles. Cercle de parole Des moments d\u2019\u00e9change, en toute s\u00e9curit\u00e9 et bienveillance. Journ\u00e9e de reconnexion au Vivant Pour s\u2019ancrer dans la r\u00e9alit\u00e9, dans la Vie. Retraite silencieuse en for\u00eat Un moment magique, hors du temps\u2026 Tarifs &#038; contact<\/p>\n","protected":false},"author":1,"featured_media":465,"parent":0,"menu_order":0,"comment_status":"closed","ping_status":"closed","template":"","meta":{"neve_meta_sidebar":"full-width","neve_meta_container":"default","neve_meta_enable_content_width":"on","neve_meta_content_width":70,"neve_meta_title_alignment":"center","neve_meta_author_avatar":"","neve_post_elements_order":"","neve_meta_disable_header":"","neve_meta_disable_footer":"","neve_meta_disable_title":"","footnotes":""},"class_list":["post-445","page","type-page","status-publish","has-post-thumbnail","hentry"],"yoast_head":"<!-- This site is optimized with the Yoast SEO plugin v26.3 - https:\/\/yoast.com\/wordpress\/plugins\/seo\/ -->\n<title>La Reconnexion - Les Sentiers d&#039;Ali\u00e9nor<\/title>\n<meta name=\"robots\" content=\"index, follow, max-snippet:-1, max-image-preview:large, max-video-preview:-1\" \/>\n<link rel=\"canonical\" href=\"https:\/\/sentiers-dalienor.com\/index.php\/le-sentier-de-la-reconnexion\/\" \/>\n<meta property=\"og:locale\" content=\"en_US\" \/>\n<meta property=\"og:type\" content=\"article\" \/>\n<meta property=\"og:title\" content=\"La Reconnexion - Les Sentiers d&#039;Ali\u00e9nor\" \/>\n<meta property=\"og:description\" content=\"Les dates de ces \u00e9v\u00e9nements seront prochainement disponibles. Cercle de parole Des moments d\u2019\u00e9change, en toute s\u00e9curit\u00e9 et bienveillance. Journ\u00e9e de reconnexion au Vivant Pour s\u2019ancrer dans la r\u00e9alit\u00e9, dans la Vie. Retraite silencieuse en for\u00eat Un moment magique, hors du temps\u2026 Tarifs &#038; contact\" \/>\n<meta property=\"og:url\" content=\"https:\/\/sentiers-dalienor.com\/index.php\/le-sentier-de-la-reconnexion\/\" \/>\n<meta property=\"og:site_name\" content=\"Les Sentiers d&#039;Ali\u00e9nor\" \/>\n<meta property=\"article:modified_time\" content=\"2025-09-21T13:43:27+00:00\" \/>\n<meta property=\"og:image\" content=\"https:\/\/sentiers-dalienor.com\/wp-content\/uploads\/2024\/10\/4-771x1024.png\" \/>\n\t<meta property=\"og:image:width\" content=\"771\" \/>\n\t<meta property=\"og:image:height\" content=\"1024\" \/>\n\t<meta property=\"og:image:type\" content=\"image\/png\" \/>\n<meta name=\"twitter:card\" content=\"summary_large_image\" \/>\n<script type=\"application\/ld+json\" class=\"yoast-schema-graph\">{\"@context\":\"https:\/\/schema.org\",\"@graph\":[{\"@type\":\"WebPage\",\"@id\":\"https:\/\/sentiers-dalienor.com\/index.php\/le-sentier-de-la-reconnexion\/\",\"url\":\"https:\/\/sentiers-dalienor.com\/index.php\/le-sentier-de-la-reconnexion\/\",\"name\":\"La Reconnexion - Les Sentiers d&#039;Ali\u00e9nor\",\"isPartOf\":{\"@id\":\"https:\/\/sentiers-dalienor.com\/#website\"},\"primaryImageOfPage\":{\"@id\":\"https:\/\/sentiers-dalienor.com\/index.php\/le-sentier-de-la-reconnexion\/#primaryimage\"},\"image\":{\"@id\":\"https:\/\/sentiers-dalienor.com\/index.php\/le-sentier-de-la-reconnexion\/#primaryimage\"},\"thumbnailUrl\":\"https:\/\/sentiers-dalienor.com\/wp-content\/uploads\/2024\/10\/4.png\",\"datePublished\":\"2024-10-11T09:05:46+00:00\",\"dateModified\":\"2025-09-21T13:43:27+00:00\",\"breadcrumb\":{\"@id\":\"https:\/\/sentiers-dalienor.com\/index.php\/le-sentier-de-la-reconnexion\/#breadcrumb\"},\"inLanguage\":\"en-US\",\"potentialAction\":[{\"@type\":\"ReadAction\",\"target\":[\"https:\/\/sentiers-dalienor.com\/index.php\/le-sentier-de-la-reconnexion\/\"]}]},{\"@type\":\"ImageObject\",\"inLanguage\":\"en-US\",\"@id\":\"https:\/\/sentiers-dalienor.com\/index.php\/le-sentier-de-la-reconnexion\/#primaryimage\",\"url\":\"https:\/\/sentiers-dalienor.com\/wp-content\/uploads\/2024\/10\/4.png\",\"contentUrl\":\"https:\/\/sentiers-dalienor.com\/wp-content\/uploads\/2024\/10\/4.png\",\"width\":964,\"height\":1280},{\"@type\":\"BreadcrumbList\",\"@id\":\"https:\/\/sentiers-dalienor.com\/index.php\/le-sentier-de-la-reconnexion\/#breadcrumb\",\"itemListElement\":[{\"@type\":\"ListItem\",\"position\":1,\"name\":\"Accueil\",\"item\":\"https:\/\/sentiers-dalienor.com\/\"},{\"@type\":\"ListItem\",\"position\":2,\"name\":\"La Reconnexion\"}]},{\"@type\":\"WebSite\",\"@id\":\"https:\/\/sentiers-dalienor.com\/#website\",\"url\":\"https:\/\/sentiers-dalienor.com\/\",\"name\":\"Les Sentiers d&#039;Ali\u00e9nor\",\"description\":\"Magn\u00e9tisme - G\u00e9n\u00e9alogie - Chemin de Vie - Esot\u00e9risme\",\"publisher\":{\"@id\":\"https:\/\/sentiers-dalienor.com\/#organization\"},\"potentialAction\":[{\"@type\":\"SearchAction\",\"target\":{\"@type\":\"EntryPoint\",\"urlTemplate\":\"https:\/\/sentiers-dalienor.com\/?s={search_term_string}\"},\"query-input\":{\"@type\":\"PropertyValueSpecification\",\"valueRequired\":true,\"valueName\":\"search_term_string\"}}],\"inLanguage\":\"en-US\"},{\"@type\":\"Organization\",\"@id\":\"https:\/\/sentiers-dalienor.com\/#organization\",\"name\":\"Les Sentiers d&#039;Ali\u00e9nor\",\"url\":\"https:\/\/sentiers-dalienor.com\/\",\"logo\":{\"@type\":\"ImageObject\",\"inLanguage\":\"en-US\",\"@id\":\"https:\/\/sentiers-dalienor.com\/#\/schema\/logo\/image\/\",\"url\":\"\",\"contentUrl\":\"\",\"caption\":\"Les Sentiers d&#039;Ali\u00e9nor\"},\"image\":{\"@id\":\"https:\/\/sentiers-dalienor.com\/#\/schema\/logo\/image\/\"}}]}<\/script>\n<!-- \/ Yoast SEO plugin. -->","yoast_head_json":{"title":"La Reconnexion - Les Sentiers d&#039;Ali\u00e9nor","robots":{"index":"index","follow":"follow","max-snippet":"max-snippet:-1","max-image-preview":"max-image-preview:large","max-video-preview":"max-video-preview:-1"},"canonical":"https:\/\/sentiers-dalienor.com\/index.php\/le-sentier-de-la-reconnexion\/","og_locale":"en_US","og_type":"article","og_title":"La Reconnexion - Les Sentiers d&#039;Ali\u00e9nor","og_description":"Les dates de ces \u00e9v\u00e9nements seront prochainement disponibles. Cercle de parole Des moments d\u2019\u00e9change, en toute s\u00e9curit\u00e9 et bienveillance. Journ\u00e9e de reconnexion au Vivant Pour s\u2019ancrer dans la r\u00e9alit\u00e9, dans la Vie. Retraite silencieuse en for\u00eat Un moment magique, hors du temps\u2026 Tarifs &#038; contact","og_url":"https:\/\/sentiers-dalienor.com\/index.php\/le-sentier-de-la-reconnexion\/","og_site_name":"Les Sentiers d&#039;Ali\u00e9nor","article_modified_time":"2025-09-21T13:43:27+00:00","og_image":[{"width":771,"height":1024,"url":"https:\/\/sentiers-dalienor.com\/wp-content\/uploads\/2024\/10\/4-771x1024.png","type":"image\/png"}],"twitter_card":"summary_large_image","schema":{"@context":"https:\/\/schema.org","@graph":[{"@type":"WebPage","@id":"https:\/\/sentiers-dalienor.com\/index.php\/le-sentier-de-la-reconnexion\/","url":"https:\/\/sentiers-dalienor.com\/index.php\/le-sentier-de-la-reconnexion\/","name":"La Reconnexion - Les Sentiers d&#039;Ali\u00e9nor","isPartOf":{"@id":"https:\/\/sentiers-dalienor.com\/#website"},"primaryImageOfPage":{"@id":"https:\/\/sentiers-dalienor.com\/index.php\/le-sentier-de-la-reconnexion\/#primaryimage"},"image":{"@id":"https:\/\/sentiers-dalienor.com\/index.php\/le-sentier-de-la-reconnexion\/#primaryimage"},"thumbnailUrl":"https:\/\/sentiers-dalienor.com\/wp-content\/uploads\/2024\/10\/4.png","datePublished":"2024-10-11T09:05:46+00:00","dateModified":"2025-09-21T13:43:27+00:00","breadcrumb":{"@id":"https:\/\/sentiers-dalienor.com\/index.php\/le-sentier-de-la-reconnexion\/#breadcrumb"},"inLanguage":"en-US","potentialAction":[{"@type":"ReadAction","target":["https:\/\/sentiers-dalienor.com\/index.php\/le-sentier-de-la-reconnexion\/"]}]},{"@type":"ImageObject","inLanguage":"en-US","@id":"https:\/\/sentiers-dalienor.com\/index.php\/le-sentier-de-la-reconnexion\/#primaryimage","url":"https:\/\/sentiers-dalienor.com\/wp-content\/uploads\/2024\/10\/4.png","contentUrl":"https:\/\/sentiers-dalienor.com\/wp-content\/uploads\/2024\/10\/4.png","width":964,"height":1280},{"@type":"BreadcrumbList","@id":"https:\/\/sentiers-dalienor.com\/index.php\/le-sentier-de-la-reconnexion\/#breadcrumb","itemListElement":[{"@type":"ListItem","position":1,"name":"Accueil","item":"https:\/\/sentiers-dalienor.com\/"},{"@type":"ListItem","position":2,"name":"La Reconnexion"}]},{"@type":"WebSite","@id":"https:\/\/sentiers-dalienor.com\/#website","url":"https:\/\/sentiers-dalienor.com\/","name":"Les Sentiers d&#039;Ali\u00e9nor","description":"Magn\u00e9tisme - G\u00e9n\u00e9alogie - Chemin de Vie - Esot\u00e9risme","publisher":{"@id":"https:\/\/sentiers-dalienor.com\/#organization"},"potentialAction":[{"@type":"SearchAction","target":{"@type":"EntryPoint","urlTemplate":"https:\/\/sentiers-dalienor.com\/?s={search_term_string}"},"query-input":{"@type":"PropertyValueSpecification","valueRequired":true,"valueName":"search_term_string"}}],"inLanguage":"en-US"},{"@type":"Organization","@id":"https:\/\/sentiers-dalienor.com\/#organization","name":"Les Sentiers d&#039;Ali\u00e9nor","url":"https:\/\/sentiers-dalienor.com\/","logo":{"@type":"ImageObject","inLanguage":"en-US","@id":"https:\/\/sentiers-dalienor.com\/#\/schema\/logo\/image\/","url":"","contentUrl":"","caption":"Les Sentiers d&#039;Ali\u00e9nor"},"image":{"@id":"https:\/\/sentiers-dalienor.com\/#\/schema\/logo\/image\/"}}]}},"_links":{"self":[{"href":"https:\/\/sentiers-dalienor.com\/index.php\/wp-json\/wp\/v2\/pages\/445","targetHints":{"allow":["GET"]}}],"collection":[{"href":"https:\/\/sentiers-dalienor.com\/index.php\/wp-json\/wp\/v2\/pages"}],"about":[{"href":"https:\/\/sentiers-dalienor.com\/index.php\/wp-json\/wp\/v2\/types\/page"}],"author":[{"embeddable":true,"href":"https:\/\/sentiers-dalienor.com\/index.php\/wp-json\/wp\/v2\/users\/1"}],"replies":[{"embeddable":true,"href":"https:\/\/sentiers-dalienor.com\/index.php\/wp-json\/wp\/v2\/comments?post=445"}],"version-history":[{"count":10,"href":"https:\/\/sentiers-dalienor.com\/index.php\/wp-json\/wp\/v2\/pages\/445\/revisions"}],"predecessor-version":[{"id":1478,"href":"https:\/\/sentiers-dalienor.com\/index.php\/wp-json\/wp\/v2\/pages\/445\/revisions\/1478"}],"wp:featuredmedia":[{"embeddable":true,"href":"https:\/\/sentiers-dalienor.com\/index.php\/wp-json\/wp\/v2\/media\/465"}],"wp:attachment":[{"href":"https:\/\/sentiers-dalienor.com\/index.php\/wp-json\/wp\/v2\/media?parent=445"}],"curies":[{"name":"wp","href":"https:\/\/api.w.org\/{rel}","templated":true}]}}