{"id":443,"date":"2024-10-11T11:05:24","date_gmt":"2024-10-11T09:05:24","guid":{"rendered":"https:\/\/sentiers-dalienor.com\/?page_id=443"},"modified":"2025-09-21T15:43:34","modified_gmt":"2025-09-21T13:43:34","slug":"le-sentier-de-la-verite","status":"publish","type":"page","link":"https:\/\/sentiers-dalienor.com\/index.php\/le-sentier-de-la-verite\/","title":{"rendered":"La V\u00e9rit\u00e9"},"content":{"rendered":"\t\t<div data-elementor-type=\"wp-page\" data-elementor-id=\"443\" class=\"elementor elementor-443\">\n\t\t\t\t<div class=\"elementor-element elementor-element-8f3ed79 e-flex e-con-boxed e-con e-parent\" data-id=\"8f3ed79\" data-element_type=\"container\">\n\t\t\t\t\t<div class=\"e-con-inner\">\n\t\t\t\t<div class=\"elementor-element elementor-element-692b485 elementor-widget elementor-widget-heading\" data-id=\"692b485\" data-element_type=\"widget\" data-widget_type=\"heading.default\">\n\t\t\t\t<div class=\"elementor-widget-container\">\n\t\t\t\t\t<h3 class=\"elementor-heading-title elementor-size-default\">Chemin de Vie<\/h3>\t\t\t\t<\/div>\n\t\t\t\t<\/div>\n\t\t\t\t\t<\/div>\n\t\t\t\t<\/div>\n\t\t<div class=\"elementor-element elementor-element-403a172 e-flex e-con-boxed e-con e-parent\" data-id=\"403a172\" data-element_type=\"container\">\n\t\t\t\t\t<div class=\"e-con-inner\">\n\t\t<div class=\"elementor-element elementor-element-2c7b9f8 e-con-full e-flex e-con e-child\" data-id=\"2c7b9f8\" data-element_type=\"container\">\n\t\t\t\t<div class=\"elementor-element elementor-element-ce74519 elementor-widget elementor-widget-image\" data-id=\"ce74519\" data-element_type=\"widget\" data-widget_type=\"image.default\">\n\t\t\t\t<div class=\"elementor-widget-container\">\n\t\t\t\t\t\t\t\t\t\t\t\t\t\t\t<img fetchpriority=\"high\" decoding=\"async\" width=\"1024\" height=\"682\" src=\"https:\/\/sentiers-dalienor.com\/wp-content\/uploads\/2024\/12\/54_SENTIERS-1024x682.jpg\" class=\"attachment-large size-large wp-image-1322\" alt=\"\" srcset=\"https:\/\/sentiers-dalienor.com\/wp-content\/uploads\/2024\/12\/54_SENTIERS-1024x682.jpg 1024w, https:\/\/sentiers-dalienor.com\/wp-content\/uploads\/2024\/12\/54_SENTIERS-300x200.jpg 300w, https:\/\/sentiers-dalienor.com\/wp-content\/uploads\/2024\/12\/54_SENTIERS-768x512.jpg 768w, https:\/\/sentiers-dalienor.com\/wp-content\/uploads\/2024\/12\/54_SENTIERS-930x620.jpg 930w, https:\/\/sentiers-dalienor.com\/wp-content\/uploads\/2024\/12\/54_SENTIERS.jpg 1280w\" sizes=\"(max-width: 1024px) 100vw, 1024px\" \/>\t\t\t\t\t\t\t\t\t\t\t\t\t\t\t<\/div>\n\t\t\t\t<\/div>\n\t\t\t\t<\/div>\n\t\t<div class=\"elementor-element elementor-element-fcb0d15 e-con-full e-flex e-con e-child\" data-id=\"fcb0d15\" data-element_type=\"container\">\n\t\t\t\t<div class=\"elementor-element elementor-element-9f3db9a elementor-widget elementor-widget-text-editor\" data-id=\"9f3db9a\" data-element_type=\"widget\" data-widget_type=\"text-editor.default\">\n\t\t\t\t<div class=\"elementor-widget-container\">\n\t\t\t\t\t\t\t\t\t<p>\u00a0<\/p>\n<p style=\"text-align: center;\">Gr\u00e2ce \u00e0 la num\u00e9rologie, et votre date de naissance, je vous accompagne sur ce Sentier de la V\u00e9rit\u00e9, o\u00f9 les chiffres vous d\u00e9voilent leurs plus anciens secrets\u2026<\/p>\t\t\t\t\t\t\t\t<\/div>\n\t\t\t\t<\/div>\n\t\t\t\t<\/div>\n\t\t\t\t\t<\/div>\n\t\t\t\t<\/div>\n\t\t<div class=\"elementor-element elementor-element-1561889 e-flex e-con-boxed e-con e-parent\" data-id=\"1561889\" data-element_type=\"container\">\n\t\t\t\t\t<div class=\"e-con-inner\">\n\t\t\t\t<div class=\"elementor-element elementor-element-9f3f654 elementor-widget-divider--separator-type-pattern elementor-widget-divider--no-spacing elementor-widget-divider--view-line elementor-widget elementor-widget-divider\" data-id=\"9f3f654\" data-element_type=\"widget\" data-widget_type=\"divider.default\">\n\t\t\t\t<div class=\"elementor-widget-container\">\n\t\t\t\t\t\t\t<div class=\"elementor-divider\" style=\"--divider-pattern-url: url(&quot;data:image\/svg+xml,%3Csvg xmlns=&#039;http:\/\/www.w3.org\/2000\/svg&#039; preserveAspectRatio=&#039;none&#039; overflow=&#039;visible&#039; height=&#039;100%&#039; viewBox=&#039;0 0 24 24&#039; fill=&#039;black&#039; stroke=&#039;none&#039;%3E%3Cpath d=&#039;M24,8v12H0V8H24z M24,4v1H0V4H24z&#039;\/%3E%3C\/svg%3E&quot;);\">\n\t\t\t<span class=\"elementor-divider-separator\">\n\t\t\t\t\t\t<\/span>\n\t\t<\/div>\n\t\t\t\t\t\t<\/div>\n\t\t\t\t<\/div>\n\t\t\t\t\t<\/div>\n\t\t\t\t<\/div>\n\t\t<div class=\"elementor-element elementor-element-c25dbd4 e-flex e-con-boxed e-con e-parent\" data-id=\"c25dbd4\" data-element_type=\"container\">\n\t\t\t\t\t<div class=\"e-con-inner\">\n\t\t\t\t<div class=\"elementor-element elementor-element-4087e7d elementor-widget elementor-widget-heading\" data-id=\"4087e7d\" data-element_type=\"widget\" data-widget_type=\"heading.default\">\n\t\t\t\t<div class=\"elementor-widget-container\">\n\t\t\t\t\t<h3 class=\"elementor-heading-title elementor-size-default\">Spiritualit\u00e9<\/h3>\t\t\t\t<\/div>\n\t\t\t\t<\/div>\n\t\t\t\t\t<\/div>\n\t\t\t\t<\/div>\n\t\t<div class=\"elementor-element elementor-element-57060c0 e-flex e-con-boxed e-con e-parent\" data-id=\"57060c0\" data-element_type=\"container\">\n\t\t\t\t\t<div class=\"e-con-inner\">\n\t\t<div class=\"elementor-element elementor-element-074ee7b e-con-full e-flex e-con e-child\" data-id=\"074ee7b\" data-element_type=\"container\">\n\t\t\t\t<div class=\"elementor-element elementor-element-cd0356e elementor-widget elementor-widget-image\" data-id=\"cd0356e\" data-element_type=\"widget\" data-widget_type=\"image.default\">\n\t\t\t\t<div class=\"elementor-widget-container\">\n\t\t\t\t\t\t\t\t\t\t\t\t\t\t\t<img decoding=\"async\" width=\"1024\" height=\"694\" src=\"https:\/\/sentiers-dalienor.com\/wp-content\/uploads\/2024\/10\/19_VERITE-1024x694.png\" class=\"attachment-large size-large wp-image-481\" alt=\"S\u00e9ance de magn\u00e9tisme, g\u00e9n\u00e9alogie, chemin de vie, \u00e9sot\u00e9risme \u00e0 Ussac en Corr\u00e8ze\" srcset=\"https:\/\/sentiers-dalienor.com\/wp-content\/uploads\/2024\/10\/19_VERITE-1024x694.png 1024w, https:\/\/sentiers-dalienor.com\/wp-content\/uploads\/2024\/10\/19_VERITE-300x203.png 300w, https:\/\/sentiers-dalienor.com\/wp-content\/uploads\/2024\/10\/19_VERITE-768x520.png 768w, https:\/\/sentiers-dalienor.com\/wp-content\/uploads\/2024\/10\/19_VERITE.png 1280w\" sizes=\"(max-width: 1024px) 100vw, 1024px\" \/>\t\t\t\t\t\t\t\t\t\t\t\t\t\t\t<\/div>\n\t\t\t\t<\/div>\n\t\t\t\t<\/div>\n\t\t<div class=\"elementor-element elementor-element-ae9cfd5 e-con-full e-flex e-con e-child\" data-id=\"ae9cfd5\" data-element_type=\"container\">\n\t\t\t\t<div class=\"elementor-element elementor-element-272204e elementor-widget elementor-widget-text-editor\" data-id=\"272204e\" data-element_type=\"widget\" data-widget_type=\"text-editor.default\">\n\t\t\t\t<div class=\"elementor-widget-container\">\n\t\t\t\t\t\t\t\t\t<p>\u00a0<\/p>\n<p style=\"text-align: center;\">Les Mythes &amp; L\u00e9gendes, les religions de tous horizons et autres cultes pa\u00efens n\u2019ont pas de secret pour moi. Je vous renseigne et vous guide sur le Sentier de votre Spiritualit\u00e9, de votre propre Lumi\u00e8re.<\/p>\t\t\t\t\t\t\t\t<\/div>\n\t\t\t\t<\/div>\n\t\t\t\t<\/div>\n\t\t\t\t\t<\/div>\n\t\t\t\t<\/div>\n\t\t<div class=\"elementor-element elementor-element-ef7a984 e-flex e-con-boxed e-con e-parent\" data-id=\"ef7a984\" data-element_type=\"container\">\n\t\t\t\t\t<div class=\"e-con-inner\">\n\t\t\t\t<div class=\"elementor-element elementor-element-f0297a9 elementor-widget elementor-widget-text-editor\" data-id=\"f0297a9\" data-element_type=\"widget\" data-widget_type=\"text-editor.default\">\n\t\t\t\t<div class=\"elementor-widget-container\">\n\t\t\t\t\t\t\t\t\t<p style=\"text-align: center;\"><strong><span style=\"text-decoration: underline;\">Quelques bonnes paroles<\/span>\u00a0:<\/strong><\/p>\n<p style=\"text-align: center;\">\u00ab\u00a0Travaillez vous-m\u00eame \u00e0 votre propre \u00e9veil. Ne d\u00e9pendez pas des autres.\u00a0\u00bb Bouddha<\/p>\n<p style=\"text-align: center;\">\u00ab\u00a0La spiritualit\u00e9 reconna\u00eet la lumi\u00e8re divine qui brille en chacun d&#8217;entre nous. Elle n&#8217;appartient \u00e0 aucune religion en particulier, mais \u00e0 tout le monde.\u00a0\u00bb Mohammed Ali<\/p>\t\t\t\t\t\t\t\t<\/div>\n\t\t\t\t<\/div>\n\t\t\t\t\t<\/div>\n\t\t\t\t<\/div>\n\t\t<div class=\"elementor-element elementor-element-a5905c8 e-flex e-con-boxed e-con e-parent\" data-id=\"a5905c8\" data-element_type=\"container\">\n\t\t\t\t\t<div class=\"e-con-inner\">\n\t\t\t\t<div class=\"elementor-element elementor-element-6f7bd12 elementor-widget-divider--separator-type-pattern elementor-widget-divider--no-spacing elementor-widget-divider--view-line elementor-widget elementor-widget-divider\" data-id=\"6f7bd12\" data-element_type=\"widget\" data-widget_type=\"divider.default\">\n\t\t\t\t<div class=\"elementor-widget-container\">\n\t\t\t\t\t\t\t<div class=\"elementor-divider\" style=\"--divider-pattern-url: url(&quot;data:image\/svg+xml,%3Csvg xmlns=&#039;http:\/\/www.w3.org\/2000\/svg&#039; preserveAspectRatio=&#039;none&#039; overflow=&#039;visible&#039; height=&#039;100%&#039; viewBox=&#039;0 0 24 24&#039; fill=&#039;black&#039; stroke=&#039;none&#039;%3E%3Cpath d=&#039;M24,8v12H0V8H24z M24,4v1H0V4H24z&#039;\/%3E%3C\/svg%3E&quot;);\">\n\t\t\t<span class=\"elementor-divider-separator\">\n\t\t\t\t\t\t<\/span>\n\t\t<\/div>\n\t\t\t\t\t\t<\/div>\n\t\t\t\t<\/div>\n\t\t\t\t\t<\/div>\n\t\t\t\t<\/div>\n\t\t<div class=\"elementor-element elementor-element-2b9ccbd e-flex e-con-boxed e-con e-parent\" data-id=\"2b9ccbd\" data-element_type=\"container\">\n\t\t\t\t\t<div class=\"e-con-inner\">\n\t\t\t\t<div class=\"elementor-element elementor-element-84eb0d8 elementor-align-center elementor-widget elementor-widget-button\" data-id=\"84eb0d8\" data-element_type=\"widget\" data-widget_type=\"button.default\">\n\t\t\t\t<div class=\"elementor-widget-container\">\n\t\t\t\t\t\t\t\t\t<div class=\"elementor-button-wrapper\">\n\t\t\t\t\t<a class=\"elementor-button elementor-button-link elementor-size-sm\" href=\"https:\/\/sentiers-dalienor.com\/index.php\/tarifs-contact\/\">\n\t\t\t\t\t\t<span class=\"elementor-button-content-wrapper\">\n\t\t\t\t\t\t\t\t\t<span class=\"elementor-button-text\">Tarifs &amp; contact<\/span>\n\t\t\t\t\t<\/span>\n\t\t\t\t\t<\/a>\n\t\t\t\t<\/div>\n\t\t\t\t\t\t\t\t<\/div>\n\t\t\t\t<\/div>\n\t\t\t\t\t<\/div>\n\t\t\t\t<\/div>\n\t\t<div class=\"elementor-element elementor-element-a7e5083 e-flex e-con-boxed e-con e-parent\" data-id=\"a7e5083\" data-element_type=\"container\">\n\t\t\t\t\t<div class=\"e-con-inner\">\n\t\t\t\t<div class=\"elementor-element elementor-element-7b27958 elementor-widget-divider--separator-type-pattern elementor-widget-divider--no-spacing elementor-widget-divider--view-line elementor-widget elementor-widget-divider\" data-id=\"7b27958\" data-element_type=\"widget\" data-widget_type=\"divider.default\">\n\t\t\t\t<div class=\"elementor-widget-container\">\n\t\t\t\t\t\t\t<div class=\"elementor-divider\" style=\"--divider-pattern-url: url(&quot;data:image\/svg+xml,%3Csvg xmlns=&#039;http:\/\/www.w3.org\/2000\/svg&#039; preserveAspectRatio=&#039;none&#039; overflow=&#039;visible&#039; height=&#039;100%&#039; viewBox=&#039;0 0 24 24&#039; fill=&#039;black&#039; stroke=&#039;none&#039;%3E%3Cpath d=&#039;M24,8v12H0V8H24z M24,4v1H0V4H24z&#039;\/%3E%3C\/svg%3E&quot;);\">\n\t\t\t<span class=\"elementor-divider-separator\">\n\t\t\t\t\t\t<\/span>\n\t\t<\/div>\n\t\t\t\t\t\t<\/div>\n\t\t\t\t<\/div>\n\t\t\t\t\t<\/div>\n\t\t\t\t<\/div>\n\t\t\t\t<\/div>\n\t\t","protected":false},"excerpt":{"rendered":"<p>Chemin de Vie \u00a0 Gr\u00e2ce \u00e0 la num\u00e9rologie, et votre date de naissance, je vous accompagne sur ce Sentier de la V\u00e9rit\u00e9, o\u00f9 les chiffres vous d\u00e9voilent leurs plus anciens secrets\u2026 Spiritualit\u00e9 \u00a0 Les Mythes &amp; L\u00e9gendes, les religions de tous horizons et autres cultes pa\u00efens n\u2019ont pas de secret pour moi. Je vous renseigne&hellip;&nbsp;<a href=\"https:\/\/sentiers-dalienor.com\/index.php\/le-sentier-de-la-verite\/\" rel=\"bookmark\">Read More &raquo;<span class=\"screen-reader-text\">La V\u00e9rit\u00e9<\/span><\/a><\/p>\n","protected":false},"author":1,"featured_media":472,"parent":0,"menu_order":0,"comment_status":"closed","ping_status":"closed","template":"","meta":{"neve_meta_sidebar":"full-width","neve_meta_container":"","neve_meta_enable_content_width":"on","neve_meta_content_width":70,"neve_meta_title_alignment":"center","neve_meta_author_avatar":"","neve_post_elements_order":"","neve_meta_disable_header":"","neve_meta_disable_footer":"","neve_meta_disable_title":"","footnotes":""},"class_list":["post-443","page","type-page","status-publish","has-post-thumbnail","hentry"],"yoast_head":"<!-- This site is optimized with the Yoast SEO plugin v26.3 - https:\/\/yoast.com\/wordpress\/plugins\/seo\/ -->\n<title>La V\u00e9rit\u00e9 - Les Sentiers d&#039;Ali\u00e9nor<\/title>\n<meta name=\"robots\" content=\"index, follow, max-snippet:-1, max-image-preview:large, max-video-preview:-1\" \/>\n<link rel=\"canonical\" href=\"https:\/\/sentiers-dalienor.com\/index.php\/le-sentier-de-la-verite\/\" \/>\n<meta property=\"og:locale\" content=\"en_US\" \/>\n<meta property=\"og:type\" content=\"article\" \/>\n<meta property=\"og:title\" content=\"La V\u00e9rit\u00e9 - Les Sentiers d&#039;Ali\u00e9nor\" \/>\n<meta property=\"og:description\" content=\"Chemin de Vie \u00a0 Gr\u00e2ce \u00e0 la num\u00e9rologie, et votre date de naissance, je vous accompagne sur ce Sentier de la V\u00e9rit\u00e9, o\u00f9 les chiffres vous d\u00e9voilent leurs plus anciens secrets\u2026 Spiritualit\u00e9 \u00a0 Les Mythes &amp; L\u00e9gendes, les religions de tous horizons et autres cultes pa\u00efens n\u2019ont pas de secret pour moi. Je vous renseigne&hellip;&nbsp;Read More &raquo;La V\u00e9rit\u00e9\" \/>\n<meta property=\"og:url\" content=\"https:\/\/sentiers-dalienor.com\/index.php\/le-sentier-de-la-verite\/\" \/>\n<meta property=\"og:site_name\" content=\"Les Sentiers d&#039;Ali\u00e9nor\" \/>\n<meta property=\"article:modified_time\" content=\"2025-09-21T13:43:34+00:00\" \/>\n<meta property=\"og:image\" content=\"https:\/\/sentiers-dalienor.com\/wp-content\/uploads\/2024\/10\/11.jpg\" \/>\n\t<meta property=\"og:image:width\" content=\"1280\" \/>\n\t<meta property=\"og:image:height\" content=\"853\" \/>\n\t<meta property=\"og:image:type\" content=\"image\/jpeg\" \/>\n<meta name=\"twitter:card\" content=\"summary_large_image\" \/>\n<meta name=\"twitter:label1\" content=\"Est. reading time\" \/>\n\t<meta name=\"twitter:data1\" content=\"1 minute\" \/>\n<script type=\"application\/ld+json\" class=\"yoast-schema-graph\">{\"@context\":\"https:\/\/schema.org\",\"@graph\":[{\"@type\":\"WebPage\",\"@id\":\"https:\/\/sentiers-dalienor.com\/index.php\/le-sentier-de-la-verite\/\",\"url\":\"https:\/\/sentiers-dalienor.com\/index.php\/le-sentier-de-la-verite\/\",\"name\":\"La V\u00e9rit\u00e9 - Les Sentiers d&#039;Ali\u00e9nor\",\"isPartOf\":{\"@id\":\"https:\/\/sentiers-dalienor.com\/#website\"},\"primaryImageOfPage\":{\"@id\":\"https:\/\/sentiers-dalienor.com\/index.php\/le-sentier-de-la-verite\/#primaryimage\"},\"image\":{\"@id\":\"https:\/\/sentiers-dalienor.com\/index.php\/le-sentier-de-la-verite\/#primaryimage\"},\"thumbnailUrl\":\"https:\/\/sentiers-dalienor.com\/wp-content\/uploads\/2024\/10\/11.jpg\",\"datePublished\":\"2024-10-11T09:05:24+00:00\",\"dateModified\":\"2025-09-21T13:43:34+00:00\",\"breadcrumb\":{\"@id\":\"https:\/\/sentiers-dalienor.com\/index.php\/le-sentier-de-la-verite\/#breadcrumb\"},\"inLanguage\":\"en-US\",\"potentialAction\":[{\"@type\":\"ReadAction\",\"target\":[\"https:\/\/sentiers-dalienor.com\/index.php\/le-sentier-de-la-verite\/\"]}]},{\"@type\":\"ImageObject\",\"inLanguage\":\"en-US\",\"@id\":\"https:\/\/sentiers-dalienor.com\/index.php\/le-sentier-de-la-verite\/#primaryimage\",\"url\":\"https:\/\/sentiers-dalienor.com\/wp-content\/uploads\/2024\/10\/11.jpg\",\"contentUrl\":\"https:\/\/sentiers-dalienor.com\/wp-content\/uploads\/2024\/10\/11.jpg\",\"width\":1280,\"height\":853},{\"@type\":\"BreadcrumbList\",\"@id\":\"https:\/\/sentiers-dalienor.com\/index.php\/le-sentier-de-la-verite\/#breadcrumb\",\"itemListElement\":[{\"@type\":\"ListItem\",\"position\":1,\"name\":\"Accueil\",\"item\":\"https:\/\/sentiers-dalienor.com\/\"},{\"@type\":\"ListItem\",\"position\":2,\"name\":\"La V\u00e9rit\u00e9\"}]},{\"@type\":\"WebSite\",\"@id\":\"https:\/\/sentiers-dalienor.com\/#website\",\"url\":\"https:\/\/sentiers-dalienor.com\/\",\"name\":\"Les Sentiers d&#039;Ali\u00e9nor\",\"description\":\"Magn\u00e9tisme - G\u00e9n\u00e9alogie - Chemin de Vie - Esot\u00e9risme\",\"publisher\":{\"@id\":\"https:\/\/sentiers-dalienor.com\/#organization\"},\"potentialAction\":[{\"@type\":\"SearchAction\",\"target\":{\"@type\":\"EntryPoint\",\"urlTemplate\":\"https:\/\/sentiers-dalienor.com\/?s={search_term_string}\"},\"query-input\":{\"@type\":\"PropertyValueSpecification\",\"valueRequired\":true,\"valueName\":\"search_term_string\"}}],\"inLanguage\":\"en-US\"},{\"@type\":\"Organization\",\"@id\":\"https:\/\/sentiers-dalienor.com\/#organization\",\"name\":\"Les Sentiers d&#039;Ali\u00e9nor\",\"url\":\"https:\/\/sentiers-dalienor.com\/\",\"logo\":{\"@type\":\"ImageObject\",\"inLanguage\":\"en-US\",\"@id\":\"https:\/\/sentiers-dalienor.com\/#\/schema\/logo\/image\/\",\"url\":\"\",\"contentUrl\":\"\",\"caption\":\"Les Sentiers d&#039;Ali\u00e9nor\"},\"image\":{\"@id\":\"https:\/\/sentiers-dalienor.com\/#\/schema\/logo\/image\/\"}}]}<\/script>\n<!-- \/ Yoast SEO plugin. -->","yoast_head_json":{"title":"La V\u00e9rit\u00e9 - Les Sentiers d&#039;Ali\u00e9nor","robots":{"index":"index","follow":"follow","max-snippet":"max-snippet:-1","max-image-preview":"max-image-preview:large","max-video-preview":"max-video-preview:-1"},"canonical":"https:\/\/sentiers-dalienor.com\/index.php\/le-sentier-de-la-verite\/","og_locale":"en_US","og_type":"article","og_title":"La V\u00e9rit\u00e9 - Les Sentiers d&#039;Ali\u00e9nor","og_description":"Chemin de Vie \u00a0 Gr\u00e2ce \u00e0 la num\u00e9rologie, et votre date de naissance, je vous accompagne sur ce Sentier de la V\u00e9rit\u00e9, o\u00f9 les chiffres vous d\u00e9voilent leurs plus anciens secrets\u2026 Spiritualit\u00e9 \u00a0 Les Mythes &amp; L\u00e9gendes, les religions de tous horizons et autres cultes pa\u00efens n\u2019ont pas de secret pour moi. Je vous renseigne&hellip;&nbsp;Read More &raquo;La V\u00e9rit\u00e9","og_url":"https:\/\/sentiers-dalienor.com\/index.php\/le-sentier-de-la-verite\/","og_site_name":"Les Sentiers d&#039;Ali\u00e9nor","article_modified_time":"2025-09-21T13:43:34+00:00","og_image":[{"width":1280,"height":853,"url":"https:\/\/sentiers-dalienor.com\/wp-content\/uploads\/2024\/10\/11.jpg","type":"image\/jpeg"}],"twitter_card":"summary_large_image","twitter_misc":{"Est. reading time":"1 minute"},"schema":{"@context":"https:\/\/schema.org","@graph":[{"@type":"WebPage","@id":"https:\/\/sentiers-dalienor.com\/index.php\/le-sentier-de-la-verite\/","url":"https:\/\/sentiers-dalienor.com\/index.php\/le-sentier-de-la-verite\/","name":"La V\u00e9rit\u00e9 - Les Sentiers d&#039;Ali\u00e9nor","isPartOf":{"@id":"https:\/\/sentiers-dalienor.com\/#website"},"primaryImageOfPage":{"@id":"https:\/\/sentiers-dalienor.com\/index.php\/le-sentier-de-la-verite\/#primaryimage"},"image":{"@id":"https:\/\/sentiers-dalienor.com\/index.php\/le-sentier-de-la-verite\/#primaryimage"},"thumbnailUrl":"https:\/\/sentiers-dalienor.com\/wp-content\/uploads\/2024\/10\/11.jpg","datePublished":"2024-10-11T09:05:24+00:00","dateModified":"2025-09-21T13:43:34+00:00","breadcrumb":{"@id":"https:\/\/sentiers-dalienor.com\/index.php\/le-sentier-de-la-verite\/#breadcrumb"},"inLanguage":"en-US","potentialAction":[{"@type":"ReadAction","target":["https:\/\/sentiers-dalienor.com\/index.php\/le-sentier-de-la-verite\/"]}]},{"@type":"ImageObject","inLanguage":"en-US","@id":"https:\/\/sentiers-dalienor.com\/index.php\/le-sentier-de-la-verite\/#primaryimage","url":"https:\/\/sentiers-dalienor.com\/wp-content\/uploads\/2024\/10\/11.jpg","contentUrl":"https:\/\/sentiers-dalienor.com\/wp-content\/uploads\/2024\/10\/11.jpg","width":1280,"height":853},{"@type":"BreadcrumbList","@id":"https:\/\/sentiers-dalienor.com\/index.php\/le-sentier-de-la-verite\/#breadcrumb","itemListElement":[{"@type":"ListItem","position":1,"name":"Accueil","item":"https:\/\/sentiers-dalienor.com\/"},{"@type":"ListItem","position":2,"name":"La V\u00e9rit\u00e9"}]},{"@type":"WebSite","@id":"https:\/\/sentiers-dalienor.com\/#website","url":"https:\/\/sentiers-dalienor.com\/","name":"Les Sentiers d&#039;Ali\u00e9nor","description":"Magn\u00e9tisme - G\u00e9n\u00e9alogie - Chemin de Vie - Esot\u00e9risme","publisher":{"@id":"https:\/\/sentiers-dalienor.com\/#organization"},"potentialAction":[{"@type":"SearchAction","target":{"@type":"EntryPoint","urlTemplate":"https:\/\/sentiers-dalienor.com\/?s={search_term_string}"},"query-input":{"@type":"PropertyValueSpecification","valueRequired":true,"valueName":"search_term_string"}}],"inLanguage":"en-US"},{"@type":"Organization","@id":"https:\/\/sentiers-dalienor.com\/#organization","name":"Les Sentiers d&#039;Ali\u00e9nor","url":"https:\/\/sentiers-dalienor.com\/","logo":{"@type":"ImageObject","inLanguage":"en-US","@id":"https:\/\/sentiers-dalienor.com\/#\/schema\/logo\/image\/","url":"","contentUrl":"","caption":"Les Sentiers d&#039;Ali\u00e9nor"},"image":{"@id":"https:\/\/sentiers-dalienor.com\/#\/schema\/logo\/image\/"}}]}},"_links":{"self":[{"href":"https:\/\/sentiers-dalienor.com\/index.php\/wp-json\/wp\/v2\/pages\/443","targetHints":{"allow":["GET"]}}],"collection":[{"href":"https:\/\/sentiers-dalienor.com\/index.php\/wp-json\/wp\/v2\/pages"}],"about":[{"href":"https:\/\/sentiers-dalienor.com\/index.php\/wp-json\/wp\/v2\/types\/page"}],"author":[{"embeddable":true,"href":"https:\/\/sentiers-dalienor.com\/index.php\/wp-json\/wp\/v2\/users\/1"}],"replies":[{"embeddable":true,"href":"https:\/\/sentiers-dalienor.com\/index.php\/wp-json\/wp\/v2\/comments?post=443"}],"version-history":[{"count":10,"href":"https:\/\/sentiers-dalienor.com\/index.php\/wp-json\/wp\/v2\/pages\/443\/revisions"}],"predecessor-version":[{"id":1479,"href":"https:\/\/sentiers-dalienor.com\/index.php\/wp-json\/wp\/v2\/pages\/443\/revisions\/1479"}],"wp:featuredmedia":[{"embeddable":true,"href":"https:\/\/sentiers-dalienor.com\/index.php\/wp-json\/wp\/v2\/media\/472"}],"wp:attachment":[{"href":"https:\/\/sentiers-dalienor.com\/index.php\/wp-json\/wp\/v2\/media?parent=443"}],"curies":[{"name":"wp","href":"https:\/\/api.w.org\/{rel}","templated":true}]}}