{"id":441,"date":"2024-10-11T11:05:03","date_gmt":"2024-10-11T09:05:03","guid":{"rendered":"https:\/\/sentiers-dalienor.com\/?page_id=441"},"modified":"2025-09-21T15:43:02","modified_gmt":"2025-09-21T13:43:02","slug":"le-sentier-de-la-connaissance","status":"publish","type":"page","link":"https:\/\/sentiers-dalienor.com\/index.php\/le-sentier-de-la-connaissance\/","title":{"rendered":"La Connaissance"},"content":{"rendered":"\t\t<div data-elementor-type=\"wp-page\" data-elementor-id=\"441\" class=\"elementor elementor-441\">\n\t\t\t\t<div class=\"elementor-element elementor-element-b3507c9 e-flex e-con-boxed e-con e-parent\" data-id=\"b3507c9\" data-element_type=\"container\">\n\t\t\t\t\t<div class=\"e-con-inner\">\n\t\t\t\t<div class=\"elementor-element elementor-element-5115f6a9 elementor-widget elementor-widget-text-editor\" data-id=\"5115f6a9\" data-element_type=\"widget\" data-widget_type=\"text-editor.default\">\n\t\t\t\t<div class=\"elementor-widget-container\">\n\t\t\t\t\t\t\t\t\t<p style=\"text-align: center;\">Connaissons-nous vraiment notre histoire familiale ? Souvent entre l\u00e9gendes et non-dit, il est parfois difficile de retracer cette histoire qui nous appartient sans l\u2019avoir v\u00e9cu.<\/p><p style=\"text-align: center;\">Pourtant, elle a une importance capitale dans notre construction sociale et \u00e9motionnelle. Elle nous enferme parfois dans des sch\u00e9mas destructeurs ou nous porte vers la s\u00e9curit\u00e9 et le partage.<\/p><p style=\"text-align: center;\">Ensemble, nous pouvons d\u00e9m\u00ealer les n\u0153uds de cet h\u00e9ritage, s\u2019affranchir du clan pour enfin aller en libert\u00e9 vers notre propre histoire.<\/p>\t\t\t\t\t\t\t\t<\/div>\n\t\t\t\t<\/div>\n\t\t\t\t\t<\/div>\n\t\t\t\t<\/div>\n\t\t<div class=\"elementor-element elementor-element-1c75d03 e-flex e-con-boxed e-con e-parent\" data-id=\"1c75d03\" data-element_type=\"container\">\n\t\t\t\t\t<div class=\"e-con-inner\">\n\t\t\t\t<div class=\"elementor-element elementor-element-17e671b elementor-widget elementor-widget-heading\" data-id=\"17e671b\" data-element_type=\"widget\" data-widget_type=\"heading.default\">\n\t\t\t\t<div class=\"elementor-widget-container\">\n\t\t\t\t\t<h3 class=\"elementor-heading-title elementor-size-default\">Consultation g\u00e9n\u00e9alogie<\/h3>\t\t\t\t<\/div>\n\t\t\t\t<\/div>\n\t\t\t\t\t<\/div>\n\t\t\t\t<\/div>\n\t\t<div class=\"elementor-element elementor-element-63c6ce2 e-flex e-con-boxed e-con e-parent\" data-id=\"63c6ce2\" data-element_type=\"container\">\n\t\t\t\t\t<div class=\"e-con-inner\">\n\t\t<div class=\"elementor-element elementor-element-12b7365 e-con-full e-flex e-con e-child\" data-id=\"12b7365\" data-element_type=\"container\">\n\t\t\t\t<div class=\"elementor-element elementor-element-692093b elementor-widget elementor-widget-image\" data-id=\"692093b\" data-element_type=\"widget\" data-widget_type=\"image.default\">\n\t\t\t\t<div class=\"elementor-widget-container\">\n\t\t\t\t\t\t\t\t\t\t\t\t\t\t\t<img fetchpriority=\"high\" decoding=\"async\" width=\"1024\" height=\"640\" src=\"https:\/\/sentiers-dalienor.com\/wp-content\/uploads\/2024\/10\/16-1024x640.jpg\" class=\"attachment-large size-large wp-image-477\" alt=\"\" srcset=\"https:\/\/sentiers-dalienor.com\/wp-content\/uploads\/2024\/10\/16-1024x640.jpg 1024w, https:\/\/sentiers-dalienor.com\/wp-content\/uploads\/2024\/10\/16-300x188.jpg 300w, https:\/\/sentiers-dalienor.com\/wp-content\/uploads\/2024\/10\/16-768x480.jpg 768w, https:\/\/sentiers-dalienor.com\/wp-content\/uploads\/2024\/10\/16.jpg 1280w\" sizes=\"(max-width: 1024px) 100vw, 1024px\" \/>\t\t\t\t\t\t\t\t\t\t\t\t\t\t\t<\/div>\n\t\t\t\t<\/div>\n\t\t\t\t<\/div>\n\t\t<div class=\"elementor-element elementor-element-7dd3a49 e-con-full e-flex e-con e-child\" data-id=\"7dd3a49\" data-element_type=\"container\">\n\t\t\t\t<div class=\"elementor-element elementor-element-66b5e5f elementor-widget elementor-widget-text-editor\" data-id=\"66b5e5f\" data-element_type=\"widget\" data-widget_type=\"text-editor.default\">\n\t\t\t\t<div class=\"elementor-widget-container\">\n\t\t\t\t\t\t\t\t\t<p style=\"text-align: center;\">Novice en g\u00e9n\u00e9alogie ? Vous souhaitez faire le point sur un \u00e9v\u00e9nement r\u00e9current dans l\u2019histoire familial ?<\/p><p style=\"text-align: center;\">Je vous re\u00e7ois en consultation et r\u00e9pond \u00e0 vos questions sur le sujet.<\/p>\t\t\t\t\t\t\t\t<\/div>\n\t\t\t\t<\/div>\n\t\t\t\t<\/div>\n\t\t\t\t\t<\/div>\n\t\t\t\t<\/div>\n\t\t<div class=\"elementor-element elementor-element-3cd60ed e-flex e-con-boxed e-con e-parent\" data-id=\"3cd60ed\" data-element_type=\"container\">\n\t\t\t\t\t<div class=\"e-con-inner\">\n\t\t\t\t<div class=\"elementor-element elementor-element-d8e23b3 elementor-widget-divider--view-line elementor-widget elementor-widget-divider\" data-id=\"d8e23b3\" data-element_type=\"widget\" data-widget_type=\"divider.default\">\n\t\t\t\t<div class=\"elementor-widget-container\">\n\t\t\t\t\t\t\t<div class=\"elementor-divider\">\n\t\t\t<span class=\"elementor-divider-separator\">\n\t\t\t\t\t\t<\/span>\n\t\t<\/div>\n\t\t\t\t\t\t<\/div>\n\t\t\t\t<\/div>\n\t\t\t\t<div class=\"elementor-element elementor-element-7eceb0e elementor-widget elementor-widget-heading\" data-id=\"7eceb0e\" data-element_type=\"widget\" data-widget_type=\"heading.default\">\n\t\t\t\t<div class=\"elementor-widget-container\">\n\t\t\t\t\t<h3 class=\"elementor-heading-title elementor-size-default\">Arbre g\u00e9n\u00e9alogique<\/h3>\t\t\t\t<\/div>\n\t\t\t\t<\/div>\n\t\t\t\t\t<\/div>\n\t\t\t\t<\/div>\n\t\t<div class=\"elementor-element elementor-element-cd1781b e-flex e-con-boxed e-con e-parent\" data-id=\"cd1781b\" data-element_type=\"container\">\n\t\t\t\t\t<div class=\"e-con-inner\">\n\t\t<div class=\"elementor-element elementor-element-b3121eb e-con-full e-flex e-con e-child\" data-id=\"b3121eb\" data-element_type=\"container\">\n\t\t\t\t<div class=\"elementor-element elementor-element-cd9cd53 elementor-widget elementor-widget-image\" data-id=\"cd9cd53\" data-element_type=\"widget\" data-widget_type=\"image.default\">\n\t\t\t\t<div class=\"elementor-widget-container\">\n\t\t\t\t\t\t\t\t\t\t\t\t\t\t\t<img decoding=\"async\" width=\"1024\" height=\"1024\" src=\"https:\/\/sentiers-dalienor.com\/wp-content\/uploads\/2024\/10\/15-1024x1024.png\" class=\"attachment-large size-large wp-image-476\" alt=\"\" srcset=\"https:\/\/sentiers-dalienor.com\/wp-content\/uploads\/2024\/10\/15-1024x1024.png 1024w, https:\/\/sentiers-dalienor.com\/wp-content\/uploads\/2024\/10\/15-300x300.png 300w, https:\/\/sentiers-dalienor.com\/wp-content\/uploads\/2024\/10\/15-150x150.png 150w, https:\/\/sentiers-dalienor.com\/wp-content\/uploads\/2024\/10\/15-768x768.png 768w, https:\/\/sentiers-dalienor.com\/wp-content\/uploads\/2024\/10\/15-600x600.png 600w, https:\/\/sentiers-dalienor.com\/wp-content\/uploads\/2024\/10\/15.png 1280w\" sizes=\"(max-width: 1024px) 100vw, 1024px\" \/>\t\t\t\t\t\t\t\t\t\t\t\t\t\t\t<\/div>\n\t\t\t\t<\/div>\n\t\t\t\t<\/div>\n\t\t<div class=\"elementor-element elementor-element-085c324 e-con-full e-flex e-con e-child\" data-id=\"085c324\" data-element_type=\"container\">\n\t\t\t\t<div class=\"elementor-element elementor-element-5a2f031 elementor-widget elementor-widget-text-editor\" data-id=\"5a2f031\" data-element_type=\"widget\" data-widget_type=\"text-editor.default\">\n\t\t\t\t<div class=\"elementor-widget-container\">\n\t\t\t\t\t\t\t\t\t<p style=\"text-align: center;\">Envie d\u2019explorer l\u2019histoire familial ?<\/p><p style=\"text-align: center;\">Par une \u00e9tude des ph\u00e9nom\u00e8nes transg\u00e9n\u00e9rationnels, je vous accompagne dans la r\u00e9alisation de votre arbre g\u00e9n\u00e9alogique.<\/p><p style=\"text-align: center;\">Je vous accompagne \u00e0 chaque \u00e9tape dans les d\u00e9marches administratives, recherche d\u2019archives, questions \u00e0 se poser\u2026<\/p>\t\t\t\t\t\t\t\t<\/div>\n\t\t\t\t<\/div>\n\t\t\t\t<\/div>\n\t\t\t\t\t<\/div>\n\t\t\t\t<\/div>\n\t\t<div class=\"elementor-element elementor-element-e1abc50 e-flex e-con-boxed e-con e-parent\" data-id=\"e1abc50\" data-element_type=\"container\">\n\t\t\t\t\t<div class=\"e-con-inner\">\n\t\t\t\t<div class=\"elementor-element elementor-element-ec2d2a3 elementor-widget-divider--view-line elementor-widget elementor-widget-divider\" data-id=\"ec2d2a3\" data-element_type=\"widget\" data-widget_type=\"divider.default\">\n\t\t\t\t<div class=\"elementor-widget-container\">\n\t\t\t\t\t\t\t<div class=\"elementor-divider\">\n\t\t\t<span class=\"elementor-divider-separator\">\n\t\t\t\t\t\t<\/span>\n\t\t<\/div>\n\t\t\t\t\t\t<\/div>\n\t\t\t\t<\/div>\n\t\t\t\t<div class=\"elementor-element elementor-element-790b96d elementor-widget elementor-widget-heading\" data-id=\"790b96d\" data-element_type=\"widget\" data-widget_type=\"heading.default\">\n\t\t\t\t<div class=\"elementor-widget-container\">\n\t\t\t\t\t<h3 class=\"elementor-heading-title elementor-size-default\">Lib\u00e9ration des m\u00e9moires transg\u00e9n\u00e9rationnelles<\/h3>\t\t\t\t<\/div>\n\t\t\t\t<\/div>\n\t\t\t\t\t<\/div>\n\t\t\t\t<\/div>\n\t\t<div class=\"elementor-element elementor-element-547ea3f e-flex e-con-boxed e-con e-parent\" data-id=\"547ea3f\" data-element_type=\"container\">\n\t\t\t\t\t<div class=\"e-con-inner\">\n\t\t<div class=\"elementor-element elementor-element-317f2b0 e-con-full e-flex e-con e-child\" data-id=\"317f2b0\" data-element_type=\"container\">\n\t\t\t\t<div class=\"elementor-element elementor-element-fa3719f elementor-widget elementor-widget-image\" data-id=\"fa3719f\" data-element_type=\"widget\" data-widget_type=\"image.default\">\n\t\t\t\t<div class=\"elementor-widget-container\">\n\t\t\t\t\t\t\t\t\t\t\t\t\t\t\t<img decoding=\"async\" width=\"1024\" height=\"1024\" src=\"https:\/\/sentiers-dalienor.com\/wp-content\/uploads\/2024\/10\/14-1024x1024.jpg\" class=\"attachment-large size-large wp-image-475\" alt=\"\" srcset=\"https:\/\/sentiers-dalienor.com\/wp-content\/uploads\/2024\/10\/14-1024x1024.jpg 1024w, https:\/\/sentiers-dalienor.com\/wp-content\/uploads\/2024\/10\/14-300x300.jpg 300w, https:\/\/sentiers-dalienor.com\/wp-content\/uploads\/2024\/10\/14-150x150.jpg 150w, https:\/\/sentiers-dalienor.com\/wp-content\/uploads\/2024\/10\/14-768x768.jpg 768w, https:\/\/sentiers-dalienor.com\/wp-content\/uploads\/2024\/10\/14-600x600.jpg 600w, https:\/\/sentiers-dalienor.com\/wp-content\/uploads\/2024\/10\/14.jpg 1280w\" sizes=\"(max-width: 1024px) 100vw, 1024px\" \/>\t\t\t\t\t\t\t\t\t\t\t\t\t\t\t<\/div>\n\t\t\t\t<\/div>\n\t\t\t\t<\/div>\n\t\t<div class=\"elementor-element elementor-element-dfc04f6 e-con-full e-flex e-con e-child\" data-id=\"dfc04f6\" data-element_type=\"container\">\n\t\t\t\t<div class=\"elementor-element elementor-element-d87223a elementor-widget elementor-widget-text-editor\" data-id=\"d87223a\" data-element_type=\"widget\" data-widget_type=\"text-editor.default\">\n\t\t\t\t<div class=\"elementor-widget-container\">\n\t\t\t\t\t\t\t\t\t<p style=\"text-align: center;\">\u00a0Une fois les probl\u00e9matiques transg\u00e9n\u00e9rationnelles r\u00e9v\u00e9l\u00e9es, je vous aide \u00e0 lib\u00e9rer ces m\u00e9moires familiales pour vous et les g\u00e9n\u00e9rations \u00e0 venir.<\/p><p style=\"text-align: center;\">Pour enfin vivre libre de toute entrave, de tout secret, de toute culpabilit\u00e9, de toute honte\u2026<\/p>\t\t\t\t\t\t\t\t<\/div>\n\t\t\t\t<\/div>\n\t\t\t\t<\/div>\n\t\t\t\t\t<\/div>\n\t\t\t\t<\/div>\n\t\t<div class=\"elementor-element elementor-element-48c9b4a e-flex e-con-boxed e-con e-parent\" data-id=\"48c9b4a\" data-element_type=\"container\">\n\t\t\t\t\t<div class=\"e-con-inner\">\n\t\t\t\t<div class=\"elementor-element elementor-element-b9f547a elementor-widget-divider--separator-type-pattern elementor-widget-divider--no-spacing elementor-widget-divider--view-line elementor-widget elementor-widget-divider\" data-id=\"b9f547a\" data-element_type=\"widget\" data-widget_type=\"divider.default\">\n\t\t\t\t<div class=\"elementor-widget-container\">\n\t\t\t\t\t\t\t<div class=\"elementor-divider\" style=\"--divider-pattern-url: url(&quot;data:image\/svg+xml,%3Csvg xmlns=&#039;http:\/\/www.w3.org\/2000\/svg&#039; preserveAspectRatio=&#039;none&#039; overflow=&#039;visible&#039; height=&#039;100%&#039; viewBox=&#039;0 0 24 24&#039; fill=&#039;black&#039; stroke=&#039;none&#039;%3E%3Cpath d=&#039;M24,8v12H0V8H24z M24,4v1H0V4H24z&#039;\/%3E%3C\/svg%3E&quot;);\">\n\t\t\t<span class=\"elementor-divider-separator\">\n\t\t\t\t\t\t<\/span>\n\t\t<\/div>\n\t\t\t\t\t\t<\/div>\n\t\t\t\t<\/div>\n\t\t\t\t\t<\/div>\n\t\t\t\t<\/div>\n\t\t<div class=\"elementor-element elementor-element-68d3a13 e-flex e-con-boxed e-con e-parent\" data-id=\"68d3a13\" data-element_type=\"container\">\n\t\t\t\t\t<div class=\"e-con-inner\">\n\t\t\t\t<div class=\"elementor-element elementor-element-fd5f6a6 elementor-align-center elementor-widget elementor-widget-button\" data-id=\"fd5f6a6\" data-element_type=\"widget\" data-widget_type=\"button.default\">\n\t\t\t\t<div class=\"elementor-widget-container\">\n\t\t\t\t\t\t\t\t\t<div class=\"elementor-button-wrapper\">\n\t\t\t\t\t<a class=\"elementor-button elementor-button-link elementor-size-sm\" href=\"https:\/\/sentiers-dalienor.com\/index.php\/tarifs-contact\/\">\n\t\t\t\t\t\t<span class=\"elementor-button-content-wrapper\">\n\t\t\t\t\t\t\t\t\t<span class=\"elementor-button-text\">Tarifs et contact<\/span>\n\t\t\t\t\t<\/span>\n\t\t\t\t\t<\/a>\n\t\t\t\t<\/div>\n\t\t\t\t\t\t\t\t<\/div>\n\t\t\t\t<\/div>\n\t\t\t\t\t<\/div>\n\t\t\t\t<\/div>\n\t\t<div class=\"elementor-element elementor-element-cf4afb6 e-flex e-con-boxed e-con e-parent\" data-id=\"cf4afb6\" data-element_type=\"container\">\n\t\t\t\t\t<div class=\"e-con-inner\">\n\t\t\t\t<div class=\"elementor-element elementor-element-294b336 elementor-widget-divider--separator-type-pattern elementor-widget-divider--no-spacing elementor-widget-divider--view-line elementor-widget elementor-widget-divider\" data-id=\"294b336\" data-element_type=\"widget\" data-widget_type=\"divider.default\">\n\t\t\t\t<div class=\"elementor-widget-container\">\n\t\t\t\t\t\t\t<div class=\"elementor-divider\" style=\"--divider-pattern-url: url(&quot;data:image\/svg+xml,%3Csvg xmlns=&#039;http:\/\/www.w3.org\/2000\/svg&#039; preserveAspectRatio=&#039;none&#039; overflow=&#039;visible&#039; height=&#039;100%&#039; viewBox=&#039;0 0 24 24&#039; fill=&#039;black&#039; stroke=&#039;none&#039;%3E%3Cpath d=&#039;M24,8v12H0V8H24z M24,4v1H0V4H24z&#039;\/%3E%3C\/svg%3E&quot;);\">\n\t\t\t<span class=\"elementor-divider-separator\">\n\t\t\t\t\t\t<\/span>\n\t\t<\/div>\n\t\t\t\t\t\t<\/div>\n\t\t\t\t<\/div>\n\t\t\t\t\t<\/div>\n\t\t\t\t<\/div>\n\t\t\t\t<\/div>\n\t\t","protected":false},"excerpt":{"rendered":"<p>Connaissons-nous vraiment notre histoire familiale ? Souvent entre l\u00e9gendes et non-dit, il est parfois difficile de retracer cette histoire qui nous appartient sans l\u2019avoir v\u00e9cu. Pourtant, elle a une importance capitale dans notre construction sociale et \u00e9motionnelle. Elle nous enferme parfois dans des sch\u00e9mas destructeurs ou nous porte vers la s\u00e9curit\u00e9 et le partage. Ensemble,&hellip;&nbsp;<a href=\"https:\/\/sentiers-dalienor.com\/index.php\/le-sentier-de-la-connaissance\/\" rel=\"bookmark\">Read More &raquo;<span class=\"screen-reader-text\">La Connaissance<\/span><\/a><\/p>\n","protected":false},"author":1,"featured_media":478,"parent":0,"menu_order":0,"comment_status":"closed","ping_status":"closed","template":"","meta":{"neve_meta_sidebar":"full-width","neve_meta_container":"","neve_meta_enable_content_width":"on","neve_meta_content_width":70,"neve_meta_title_alignment":"center","neve_meta_author_avatar":"","neve_post_elements_order":"","neve_meta_disable_header":"","neve_meta_disable_footer":"","neve_meta_disable_title":"","footnotes":""},"class_list":["post-441","page","type-page","status-publish","has-post-thumbnail","hentry"],"yoast_head":"<!-- This site is optimized with the Yoast SEO plugin v26.3 - https:\/\/yoast.com\/wordpress\/plugins\/seo\/ -->\n<title>La Connaissance - Les Sentiers d&#039;Ali\u00e9nor<\/title>\n<meta name=\"robots\" content=\"index, follow, max-snippet:-1, max-image-preview:large, max-video-preview:-1\" \/>\n<link rel=\"canonical\" href=\"https:\/\/sentiers-dalienor.com\/index.php\/le-sentier-de-la-connaissance\/\" \/>\n<meta property=\"og:locale\" content=\"en_US\" \/>\n<meta property=\"og:type\" content=\"article\" \/>\n<meta property=\"og:title\" content=\"La Connaissance - Les Sentiers d&#039;Ali\u00e9nor\" \/>\n<meta property=\"og:description\" content=\"Connaissons-nous vraiment notre histoire familiale ? Souvent entre l\u00e9gendes et non-dit, il est parfois difficile de retracer cette histoire qui nous appartient sans l\u2019avoir v\u00e9cu. Pourtant, elle a une importance capitale dans notre construction sociale et \u00e9motionnelle. Elle nous enferme parfois dans des sch\u00e9mas destructeurs ou nous porte vers la s\u00e9curit\u00e9 et le partage. Ensemble,&hellip;&nbsp;Read More &raquo;La Connaissance\" \/>\n<meta property=\"og:url\" content=\"https:\/\/sentiers-dalienor.com\/index.php\/le-sentier-de-la-connaissance\/\" \/>\n<meta property=\"og:site_name\" content=\"Les Sentiers d&#039;Ali\u00e9nor\" \/>\n<meta property=\"article:modified_time\" content=\"2025-09-21T13:43:02+00:00\" \/>\n<meta property=\"og:image\" content=\"https:\/\/sentiers-dalienor.com\/wp-content\/uploads\/2024\/10\/17_CONNAISSANCE.jpg\" \/>\n\t<meta property=\"og:image:width\" content=\"1280\" \/>\n\t<meta property=\"og:image:height\" content=\"854\" \/>\n\t<meta property=\"og:image:type\" content=\"image\/jpeg\" \/>\n<meta name=\"twitter:card\" content=\"summary_large_image\" \/>\n<meta name=\"twitter:label1\" content=\"Est. reading time\" \/>\n\t<meta name=\"twitter:data1\" content=\"1 minute\" \/>\n<script type=\"application\/ld+json\" class=\"yoast-schema-graph\">{\"@context\":\"https:\/\/schema.org\",\"@graph\":[{\"@type\":\"WebPage\",\"@id\":\"https:\/\/sentiers-dalienor.com\/index.php\/le-sentier-de-la-connaissance\/\",\"url\":\"https:\/\/sentiers-dalienor.com\/index.php\/le-sentier-de-la-connaissance\/\",\"name\":\"La Connaissance - Les Sentiers d&#039;Ali\u00e9nor\",\"isPartOf\":{\"@id\":\"https:\/\/sentiers-dalienor.com\/#website\"},\"primaryImageOfPage\":{\"@id\":\"https:\/\/sentiers-dalienor.com\/index.php\/le-sentier-de-la-connaissance\/#primaryimage\"},\"image\":{\"@id\":\"https:\/\/sentiers-dalienor.com\/index.php\/le-sentier-de-la-connaissance\/#primaryimage\"},\"thumbnailUrl\":\"https:\/\/sentiers-dalienor.com\/wp-content\/uploads\/2024\/10\/17_CONNAISSANCE.jpg\",\"datePublished\":\"2024-10-11T09:05:03+00:00\",\"dateModified\":\"2025-09-21T13:43:02+00:00\",\"breadcrumb\":{\"@id\":\"https:\/\/sentiers-dalienor.com\/index.php\/le-sentier-de-la-connaissance\/#breadcrumb\"},\"inLanguage\":\"en-US\",\"potentialAction\":[{\"@type\":\"ReadAction\",\"target\":[\"https:\/\/sentiers-dalienor.com\/index.php\/le-sentier-de-la-connaissance\/\"]}]},{\"@type\":\"ImageObject\",\"inLanguage\":\"en-US\",\"@id\":\"https:\/\/sentiers-dalienor.com\/index.php\/le-sentier-de-la-connaissance\/#primaryimage\",\"url\":\"https:\/\/sentiers-dalienor.com\/wp-content\/uploads\/2024\/10\/17_CONNAISSANCE.jpg\",\"contentUrl\":\"https:\/\/sentiers-dalienor.com\/wp-content\/uploads\/2024\/10\/17_CONNAISSANCE.jpg\",\"width\":1280,\"height\":854},{\"@type\":\"BreadcrumbList\",\"@id\":\"https:\/\/sentiers-dalienor.com\/index.php\/le-sentier-de-la-connaissance\/#breadcrumb\",\"itemListElement\":[{\"@type\":\"ListItem\",\"position\":1,\"name\":\"Accueil\",\"item\":\"https:\/\/sentiers-dalienor.com\/\"},{\"@type\":\"ListItem\",\"position\":2,\"name\":\"La Connaissance\"}]},{\"@type\":\"WebSite\",\"@id\":\"https:\/\/sentiers-dalienor.com\/#website\",\"url\":\"https:\/\/sentiers-dalienor.com\/\",\"name\":\"Les Sentiers d&#039;Ali\u00e9nor\",\"description\":\"Magn\u00e9tisme - G\u00e9n\u00e9alogie - Chemin de Vie - Esot\u00e9risme\",\"publisher\":{\"@id\":\"https:\/\/sentiers-dalienor.com\/#organization\"},\"potentialAction\":[{\"@type\":\"SearchAction\",\"target\":{\"@type\":\"EntryPoint\",\"urlTemplate\":\"https:\/\/sentiers-dalienor.com\/?s={search_term_string}\"},\"query-input\":{\"@type\":\"PropertyValueSpecification\",\"valueRequired\":true,\"valueName\":\"search_term_string\"}}],\"inLanguage\":\"en-US\"},{\"@type\":\"Organization\",\"@id\":\"https:\/\/sentiers-dalienor.com\/#organization\",\"name\":\"Les Sentiers d&#039;Ali\u00e9nor\",\"url\":\"https:\/\/sentiers-dalienor.com\/\",\"logo\":{\"@type\":\"ImageObject\",\"inLanguage\":\"en-US\",\"@id\":\"https:\/\/sentiers-dalienor.com\/#\/schema\/logo\/image\/\",\"url\":\"\",\"contentUrl\":\"\",\"caption\":\"Les Sentiers d&#039;Ali\u00e9nor\"},\"image\":{\"@id\":\"https:\/\/sentiers-dalienor.com\/#\/schema\/logo\/image\/\"}}]}<\/script>\n<!-- \/ Yoast SEO plugin. -->","yoast_head_json":{"title":"La Connaissance - Les Sentiers d&#039;Ali\u00e9nor","robots":{"index":"index","follow":"follow","max-snippet":"max-snippet:-1","max-image-preview":"max-image-preview:large","max-video-preview":"max-video-preview:-1"},"canonical":"https:\/\/sentiers-dalienor.com\/index.php\/le-sentier-de-la-connaissance\/","og_locale":"en_US","og_type":"article","og_title":"La Connaissance - Les Sentiers d&#039;Ali\u00e9nor","og_description":"Connaissons-nous vraiment notre histoire familiale ? Souvent entre l\u00e9gendes et non-dit, il est parfois difficile de retracer cette histoire qui nous appartient sans l\u2019avoir v\u00e9cu. Pourtant, elle a une importance capitale dans notre construction sociale et \u00e9motionnelle. Elle nous enferme parfois dans des sch\u00e9mas destructeurs ou nous porte vers la s\u00e9curit\u00e9 et le partage. Ensemble,&hellip;&nbsp;Read More &raquo;La Connaissance","og_url":"https:\/\/sentiers-dalienor.com\/index.php\/le-sentier-de-la-connaissance\/","og_site_name":"Les Sentiers d&#039;Ali\u00e9nor","article_modified_time":"2025-09-21T13:43:02+00:00","og_image":[{"width":1280,"height":854,"url":"https:\/\/sentiers-dalienor.com\/wp-content\/uploads\/2024\/10\/17_CONNAISSANCE.jpg","type":"image\/jpeg"}],"twitter_card":"summary_large_image","twitter_misc":{"Est. reading time":"1 minute"},"schema":{"@context":"https:\/\/schema.org","@graph":[{"@type":"WebPage","@id":"https:\/\/sentiers-dalienor.com\/index.php\/le-sentier-de-la-connaissance\/","url":"https:\/\/sentiers-dalienor.com\/index.php\/le-sentier-de-la-connaissance\/","name":"La Connaissance - Les Sentiers d&#039;Ali\u00e9nor","isPartOf":{"@id":"https:\/\/sentiers-dalienor.com\/#website"},"primaryImageOfPage":{"@id":"https:\/\/sentiers-dalienor.com\/index.php\/le-sentier-de-la-connaissance\/#primaryimage"},"image":{"@id":"https:\/\/sentiers-dalienor.com\/index.php\/le-sentier-de-la-connaissance\/#primaryimage"},"thumbnailUrl":"https:\/\/sentiers-dalienor.com\/wp-content\/uploads\/2024\/10\/17_CONNAISSANCE.jpg","datePublished":"2024-10-11T09:05:03+00:00","dateModified":"2025-09-21T13:43:02+00:00","breadcrumb":{"@id":"https:\/\/sentiers-dalienor.com\/index.php\/le-sentier-de-la-connaissance\/#breadcrumb"},"inLanguage":"en-US","potentialAction":[{"@type":"ReadAction","target":["https:\/\/sentiers-dalienor.com\/index.php\/le-sentier-de-la-connaissance\/"]}]},{"@type":"ImageObject","inLanguage":"en-US","@id":"https:\/\/sentiers-dalienor.com\/index.php\/le-sentier-de-la-connaissance\/#primaryimage","url":"https:\/\/sentiers-dalienor.com\/wp-content\/uploads\/2024\/10\/17_CONNAISSANCE.jpg","contentUrl":"https:\/\/sentiers-dalienor.com\/wp-content\/uploads\/2024\/10\/17_CONNAISSANCE.jpg","width":1280,"height":854},{"@type":"BreadcrumbList","@id":"https:\/\/sentiers-dalienor.com\/index.php\/le-sentier-de-la-connaissance\/#breadcrumb","itemListElement":[{"@type":"ListItem","position":1,"name":"Accueil","item":"https:\/\/sentiers-dalienor.com\/"},{"@type":"ListItem","position":2,"name":"La Connaissance"}]},{"@type":"WebSite","@id":"https:\/\/sentiers-dalienor.com\/#website","url":"https:\/\/sentiers-dalienor.com\/","name":"Les Sentiers d&#039;Ali\u00e9nor","description":"Magn\u00e9tisme - G\u00e9n\u00e9alogie - Chemin de Vie - Esot\u00e9risme","publisher":{"@id":"https:\/\/sentiers-dalienor.com\/#organization"},"potentialAction":[{"@type":"SearchAction","target":{"@type":"EntryPoint","urlTemplate":"https:\/\/sentiers-dalienor.com\/?s={search_term_string}"},"query-input":{"@type":"PropertyValueSpecification","valueRequired":true,"valueName":"search_term_string"}}],"inLanguage":"en-US"},{"@type":"Organization","@id":"https:\/\/sentiers-dalienor.com\/#organization","name":"Les Sentiers d&#039;Ali\u00e9nor","url":"https:\/\/sentiers-dalienor.com\/","logo":{"@type":"ImageObject","inLanguage":"en-US","@id":"https:\/\/sentiers-dalienor.com\/#\/schema\/logo\/image\/","url":"","contentUrl":"","caption":"Les Sentiers d&#039;Ali\u00e9nor"},"image":{"@id":"https:\/\/sentiers-dalienor.com\/#\/schema\/logo\/image\/"}}]}},"_links":{"self":[{"href":"https:\/\/sentiers-dalienor.com\/index.php\/wp-json\/wp\/v2\/pages\/441","targetHints":{"allow":["GET"]}}],"collection":[{"href":"https:\/\/sentiers-dalienor.com\/index.php\/wp-json\/wp\/v2\/pages"}],"about":[{"href":"https:\/\/sentiers-dalienor.com\/index.php\/wp-json\/wp\/v2\/types\/page"}],"author":[{"embeddable":true,"href":"https:\/\/sentiers-dalienor.com\/index.php\/wp-json\/wp\/v2\/users\/1"}],"replies":[{"embeddable":true,"href":"https:\/\/sentiers-dalienor.com\/index.php\/wp-json\/wp\/v2\/comments?post=441"}],"version-history":[{"count":55,"href":"https:\/\/sentiers-dalienor.com\/index.php\/wp-json\/wp\/v2\/pages\/441\/revisions"}],"predecessor-version":[{"id":1475,"href":"https:\/\/sentiers-dalienor.com\/index.php\/wp-json\/wp\/v2\/pages\/441\/revisions\/1475"}],"wp:featuredmedia":[{"embeddable":true,"href":"https:\/\/sentiers-dalienor.com\/index.php\/wp-json\/wp\/v2\/media\/478"}],"wp:attachment":[{"href":"https:\/\/sentiers-dalienor.com\/index.php\/wp-json\/wp\/v2\/media?parent=441"}],"curies":[{"name":"wp","href":"https:\/\/api.w.org\/{rel}","templated":true}]}}